{"id":1574,"date":"2023-05-10T05:15:43","date_gmt":"2023-05-10T05:15:43","guid":{"rendered":"https:\/\/themexriver.com\/wp\/invite-wp\/?page_id=1574"},"modified":"2026-02-12T08:17:22","modified_gmt":"2026-02-12T08:17:22","slug":"liderlik-programi","status":"publish","type":"page","link":"https:\/\/www.resiliencein.com\/?page_id=1574","title":{"rendered":"Liderlik Program\u0131"},"content":{"rendered":"\t\t<div data-elementor-type=\"wp-page\" data-elementor-id=\"1574\" class=\"elementor elementor-1574\">\n\t\t\t\t\t\t<section class=\"elementor-section elementor-top-section elementor-element elementor-element-5b65fc4 elementor-section-boxed elementor-section-height-default elementor-section-height-default\" data-id=\"5b65fc4\" data-element_type=\"section\" data-e-type=\"section\" data-settings=\"{&quot;background_background&quot;:&quot;classic&quot;}\">\n\t\t\t\t\t\t\t<div class=\"elementor-background-overlay\"><\/div>\n\t\t\t\t\t\t\t<div class=\"elementor-container elementor-column-gap-default\">\n\t\t\t\t\t<div class=\"elementor-column elementor-col-100 elementor-top-column elementor-element elementor-element-a70bb14\" data-id=\"a70bb14\" data-element_type=\"column\" data-e-type=\"column\">\n\t\t\t<div class=\"elementor-widget-wrap elementor-element-populated\">\n\t\t\t\t\t\t<div class=\"elementor-element elementor-element-fb2b9e0 elementor-widget elementor-widget-int-breadcrumb\" data-id=\"fb2b9e0\" data-element_type=\"widget\" data-e-type=\"widget\" data-widget_type=\"int-breadcrumb.default\">\n\t\t\t\t<div class=\"elementor-widget-container\">\n\t\t\t\t\t\t<div class=\"breadcrumb\">\n        <div class=\"breadcrumb__content text-center\">\n            <h2>Liderlik Program\u0131<\/h2>\n            <ul class=\"bread-crumb clearfix ul_li_center\">\n                <li class=\"breadcrumb-item\"><a href=\"https:\/\/www.resiliencein.com\/\">Home &nbsp;<\/a><\/li><li class=\"breadcrumb-item\"><a href=\"https:\/\/www.resiliencein.com\/?page_id=1574\"><\/a><\/li>            <\/ul>\n        <\/div>\n    <\/div>\n    \t\t\t\t<\/div>\n\t\t\t\t<\/div>\n\t\t\t\t\t<\/div>\n\t\t<\/div>\n\t\t\t\t\t<\/div>\n\t\t<\/section>\n\t\t\t\t<section class=\"elementor-section elementor-top-section elementor-element elementor-element-7060652 elementor-section-boxed elementor-section-height-default elementor-section-height-default\" data-id=\"7060652\" data-element_type=\"section\" data-e-type=\"section\">\n\t\t\t\t\t\t<div class=\"elementor-container elementor-column-gap-default\">\n\t\t\t\t\t<div class=\"elementor-column elementor-col-66 elementor-top-column elementor-element elementor-element-caba9d8\" data-id=\"caba9d8\" data-element_type=\"column\" data-e-type=\"column\">\n\t\t\t<div class=\"elementor-widget-wrap elementor-element-populated\">\n\t\t\t\t\t\t<div class=\"elementor-element elementor-element-36e29e8 elementor-widget elementor-widget-image\" data-id=\"36e29e8\" data-element_type=\"widget\" data-e-type=\"widget\" data-widget_type=\"image.default\">\n\t\t\t\t\t\t\t\t\t\t\t\t\t\t\t<img fetchpriority=\"high\" decoding=\"async\" width=\"1915\" height=\"621\" src=\"https:\/\/www.resiliencein.com\/wp-content\/uploads\/2026\/02\/rein_liderlik_programi.jpg\" class=\"attachment-full size-full wp-image-5360\" alt=\"\" srcset=\"https:\/\/www.resiliencein.com\/wp-content\/uploads\/2026\/02\/rein_liderlik_programi.jpg 1915w, https:\/\/www.resiliencein.com\/wp-content\/uploads\/2026\/02\/rein_liderlik_programi-300x97.jpg 300w, https:\/\/www.resiliencein.com\/wp-content\/uploads\/2026\/02\/rein_liderlik_programi-1024x332.jpg 1024w, https:\/\/www.resiliencein.com\/wp-content\/uploads\/2026\/02\/rein_liderlik_programi-768x249.jpg 768w, https:\/\/www.resiliencein.com\/wp-content\/uploads\/2026\/02\/rein_liderlik_programi-1536x498.jpg 1536w, https:\/\/www.resiliencein.com\/wp-content\/uploads\/2026\/02\/rein_liderlik_programi-600x195.jpg 600w\" sizes=\"(max-width: 1915px) 100vw, 1915px\" \/>\t\t\t\t\t\t\t\t\t\t\t\t\t\t\t<\/div>\n\t\t\t\t<div class=\"elementor-element elementor-element-48eb736 elementor-widget elementor-widget-heading\" data-id=\"48eb736\" data-element_type=\"widget\" data-e-type=\"widget\" data-widget_type=\"heading.default\">\n\t\t\t\t\t<h2 class=\"elementor-heading-title elementor-size-default\">Liderlik Program\u0131<\/h2>\t\t\t\t<\/div>\n\t\t\t\t<div class=\"elementor-element elementor-element-af01f68 elementor-widget elementor-widget-heading\" data-id=\"af01f68\" data-element_type=\"widget\" data-e-type=\"widget\" data-widget_type=\"heading.default\">\n\t\t\t\t\t<p class=\"elementor-heading-title elementor-size-default\">Liderlik d\u00f6n\u00fc\u015f\u00fcm\u00fcn ve s\u00fcreklili\u011fin temel itici g\u00fcc\u00fc olup organizasyondaki her bireyin sahip olmas\u0131 gereken bir yetkinlik. Bu program, bireyin kendisinin, ekibinin ve kurumunun potansiyelini ortaya \u00e7\u0131karabilmesin ama\u00e7lar. \n<br>\n<br>\nKat\u0131l\u0131mc\u0131lara; Stratejik d\u00fc\u015f\u00fcnme (gelece\u011fi \u00f6ng\u00f6rme ve y\u00f6n tayini), sistematik d\u00fc\u015f\u00fcnme (ili\u015fkiler a\u011f\u0131n\u0131 ve dinamikleri anlama), Algoritmik d\u00fc\u015f\u00fcnme (karma\u015f\u0131k problemleri \u00e7\u00f6z\u00fcme d\u00f6n\u00fc\u015ft\u00fcrme) ve retorik\/etkileme (harekete ge\u00e7irme) yakla\u015f\u0131mlar\u0131nda ileri d\u00fczey yetkinlik kazand\u0131r\u0131l\u0131r.<\/p>\t\t\t\t<\/div>\n\t\t\t\t<div class=\"elementor-element elementor-element-204b053 elementor-widget elementor-widget-int-fs-3\" data-id=\"204b053\" data-element_type=\"widget\" data-e-type=\"widget\" data-widget_type=\"int-fs-3.default\">\n\t\t\t\t<div class=\"elementor-widget-container\">\n\t\t\t\t\t\t\n   <div class=\"service-single__info-wrap\">\n        <div class=\"service-single__info\">\n            <div class=\"row\">\n                                <div class=\"col-lg-6 col-md-6\">\n                    <div class=\"service-single__info-item\">\n                        <div class=\"icon invite-text-gr-color\">\n                            <i aria-hidden=\"true\" class=\"flaticon flaticon2-leader\"><\/i>                        <\/div>\n                        <div class=\"content\">\n                            <h4>D\u00f6n\u00fc\u015ft\u00fcren Lider<\/h4>\n                            <p>De\u011fi\u015fimi \u00f6ng\u00f6rebilen, belirsizlikte y\u00f6n tayin edebilen ve insanlar\u0131 ortak bir ama\u00e7 etraf\u0131nda harekete ge\u00e7irerek d\u00f6n\u00fc\u015f\u00fcme liderlik eden liderlik yetkinli\u011fini geli\u015ftirmeyi hedefleyen bir yakla\u015f\u0131md\u0131r.<\/p>\n                        <\/div>\n                    <\/div>\n                <\/div>\n                                <div class=\"col-lg-6 col-md-6\">\n                    <div class=\"service-single__info-item\">\n                        <div class=\"icon invite-text-gr-color\">\n                            <i aria-hidden=\"true\" class=\"flaticon flaticon-solution\"><\/i>                        <\/div>\n                        <div class=\"content\">\n                            <h4>D\u00fc\u015f\u00fcnme Ara\u00e7lar\u0131yla D\u00f6n\u00fc\u015f\u00fcm  <\/h4>\n                            <p>Karma\u015f\u0131k problemleri netle\u015ftiren, do\u011fru sorular\u0131 sorduran ve stratejik karar alma yetkinli\u011fini g\u00fc\u00e7lendiren d\u00fc\u015f\u00fcnme ara\u00e7lar\u0131yla; bireylerin ve organizasyonlar\u0131n bak\u0131\u015f a\u00e7\u0131s\u0131n\u0131 geli\u015ftirerek s\u00fcrd\u00fcr\u00fclebilir d\u00f6n\u00fc\u015f\u00fcm sa\u011flamay\u0131 ama\u00e7layan bir yakla\u015f\u0131md\u0131r.<\/p>\n                        <\/div>\n                    <\/div>\n                <\/div>\n                            <\/div>\n        <\/div>\n    <\/div>\n    \t\t\t\t<\/div>\n\t\t\t\t<\/div>\n\t\t\t\t\t<\/div>\n\t\t<\/div>\n\t\t\t\t<div class=\"elementor-column elementor-col-33 elementor-top-column elementor-element elementor-element-ad0c556\" data-id=\"ad0c556\" data-element_type=\"column\" data-e-type=\"column\">\n\t\t\t<div class=\"elementor-widget-wrap elementor-element-populated\">\n\t\t\t\t\t\t<div class=\"elementor-element elementor-element-79a4514 elementor-widget elementor-widget-heading\" data-id=\"79a4514\" data-element_type=\"widget\" data-e-type=\"widget\" data-widget_type=\"heading.default\">\n\t\t\t\t\t<h2 class=\"elementor-heading-title elementor-size-default\">\u00c7\u00f6z\u00fcmlerimiz<\/h2>\t\t\t\t<\/div>\n\t\t\t\t<div class=\"elementor-element elementor-element-df208dc widget_categories elementor-widget elementor-widget-int-link-item\" data-id=\"df208dc\" data-element_type=\"widget\" data-e-type=\"widget\" data-widget_type=\"int-link-item.default\">\n\t\t\t\t<div class=\"elementor-widget-container\">\n\t\t\t\t\t\t<div class=\"widget__inner\">\n        <ul class=\"widget__category list-unstyled\">\n                            <li><a class=\"\" href=\"https:\/\/www.resiliencein.com\/?page_id=1574\">Liderlik Program\u0131<i class=\"far fa-chevron-double-right\"><\/i><\/a><\/li>\n                            <li><a class=\"\" href=\"https:\/\/www.resiliencein.com\/?page_id=4378\">Organizasyonel Dayan\u0131kl\u0131l\u0131k Program\u0131<i class=\"far fa-chevron-double-right\"><\/i><\/a><\/li>\n                            <li><a class=\"\" href=\"https:\/\/www.resiliencein.com\/?page_id=4385\">Dijital Dayan\u0131kl\u0131l\u0131k Program\u0131<i class=\"far fa-chevron-double-right\"><\/i><\/a><\/li>\n                            <li><a class=\"\" href=\"https:\/\/www.resiliencein.com\/?page_id=4392\">Ekonomik Dayan\u0131kl\u0131l\u0131k Program\u0131<i class=\"far fa-chevron-double-right\"><\/i><\/a><\/li>\n                            <li><a class=\"\" href=\"https:\/\/www.resiliencein.com\/?page_id=4396\">Netweaving House<i class=\"far fa-chevron-double-right\"><\/i><\/a><\/li>\n                            <li><a class=\"\" href=\"https:\/\/www.resiliencein.com\/?page_id=5238\">Kurumsal Y\u00f6neti\u015fim, Risk ve Uyum Program\u0131<i class=\"far fa-chevron-double-right\"><\/i><\/a><\/li>\n                            <li><a class=\"\" href=\"https:\/\/www.resiliencein.com\/?page_id=4487\">Yaz\u0131l\u0131m \u00c7\u00f6z\u00fcmleri<i class=\"far fa-chevron-double-right\"><\/i><\/a><\/li>\n                    <\/ul>\n    <\/div>\n    \t\t\t\t<\/div>\n\t\t\t\t<\/div>\n\t\t\t\t\t<\/div>\n\t\t<\/div>\n\t\t\t\t\t<\/div>\n\t\t<\/section>\n\t\t<div class=\"elementor-element elementor-element-216a05f e-flex e-con-boxed e-con e-parent\" data-id=\"216a05f\" data-element_type=\"container\" data-e-type=\"container\">\n\t\t\t\t\t<div class=\"e-con-inner\">\n\t\t\t\t<div class=\"elementor-element elementor-element-2b95f7c elementor-widget elementor-widget-heading\" data-id=\"2b95f7c\" data-element_type=\"widget\" data-e-type=\"widget\" data-widget_type=\"heading.default\">\n\t\t\t\t\t<h2 class=\"elementor-heading-title elementor-size-default\">\u0130lgili Ri-Hizmetlere G\u00f6z At\u0131n!<\/h2>\t\t\t\t<\/div>\n\t\t\t\t\t<\/div>\n\t\t\t\t<\/div>\n\t\t<div class=\"elementor-element elementor-element-c1a9c66 e-grid e-con-boxed e-con e-parent\" data-id=\"c1a9c66\" data-element_type=\"container\" data-e-type=\"container\">\n\t\t\t\t\t<div class=\"e-con-inner\">\n\t\t\t\t<div class=\"elementor-element elementor-element-656bd21 elementor-widget elementor-widget-int-service-grid-two\" data-id=\"656bd21\" data-element_type=\"widget\" data-e-type=\"widget\" data-widget_type=\"int-service-grid-two.default\">\n\t\t\t\t<div class=\"elementor-widget-container\">\n\t\t\t\t\t\t<div class=\"wow fadeInUp\"   data-wow-duration=\"1500ms\">\n        <div class=\"inv-service-item-3\">\n            <div class=\"inv-service-img\">\n                <img decoding=\"async\" src=\"http:\/\/www.resiliencein.com\/wp-content\/uploads\/2026\/02\/seminervekonusmalar-1.jpg\" alt=\"\">\n            <\/div>\n            <div class=\"inv-service-text-area\">\n                <div class=\"inv-service-text  position-relative\">\n                    <div class=\"service-title-icon d-flex align-items-center\">\n                        <div class=\"service-icon d-flex align-items-center justify-content-center\">\n                        <i aria-hidden=\"true\" class=\"fas fa-microphone-alt\"><\/i>                        <\/div>\n                        <div class=\"service-text\">\n                            <h3><a href=\"https:\/\/www.resiliencein.com\/?page_id=4492\">Seminer ve Konu\u015fmalar<\/a><\/h3>\n                        <\/div>\n                    <\/div>\n                    <div class=\"service-desc\">\n                                            <\/div>\n                <\/div>\n                <div class=\"service-btn text-center text-uppercase\">\n                    <a href=\"https:\/\/www.resiliencein.com\/?page_id=4492\">G\u00f6z At<\/a>\n                <\/div>\n            <\/div>\n        <\/div>\n    <\/div>\n    \t\t\t\t<\/div>\n\t\t\t\t<\/div>\n\t\t\t\t<div class=\"elementor-element elementor-element-e34746b elementor-widget elementor-widget-int-service-grid-two\" data-id=\"e34746b\" data-element_type=\"widget\" data-e-type=\"widget\" data-widget_type=\"int-service-grid-two.default\">\n\t\t\t\t<div class=\"elementor-widget-container\">\n\t\t\t\t\t\t<div class=\"wow fadeInUp\"   data-wow-duration=\"1500ms\">\n        <div class=\"inv-service-item-3\">\n            <div class=\"inv-service-img\">\n                <img decoding=\"async\" src=\"http:\/\/www.resiliencein.com\/wp-content\/uploads\/2026\/02\/Mentorluk-1.jpg\" alt=\"\">\n            <\/div>\n            <div class=\"inv-service-text-area\">\n                <div class=\"inv-service-text  position-relative\">\n                    <div class=\"service-title-icon d-flex align-items-center\">\n                        <div class=\"service-icon d-flex align-items-center justify-content-center\">\n                        <i aria-hidden=\"true\" class=\"flaticon flaticon2-avatar\"><\/i>                        <\/div>\n                        <div class=\"service-text\">\n                            <h3><a href=\"https:\/\/www.resiliencein.com\/?page_id=4497\">Ment\u00f6rl\u00fck<\/a><\/h3>\n                        <\/div>\n                    <\/div>\n                    <div class=\"service-desc\">\n                                            <\/div>\n                <\/div>\n                <div class=\"service-btn text-center text-uppercase\">\n                    <a href=\"https:\/\/www.resiliencein.com\/?page_id=4497\">G\u00f6z At<\/a>\n                <\/div>\n            <\/div>\n        <\/div>\n    <\/div>\n    \t\t\t\t<\/div>\n\t\t\t\t<\/div>\n\t\t\t\t<div class=\"elementor-element elementor-element-ccd287a elementor-widget elementor-widget-int-service-grid-two\" data-id=\"ccd287a\" data-element_type=\"widget\" data-e-type=\"widget\" data-widget_type=\"int-service-grid-two.default\">\n\t\t\t\t<div class=\"elementor-widget-container\">\n\t\t\t\t\t\t<div class=\"wow fadeInUp\"   data-wow-duration=\"1500ms\">\n        <div class=\"inv-service-item-3\">\n            <div class=\"inv-service-img\">\n                <img decoding=\"async\" src=\"http:\/\/www.resiliencein.com\/wp-content\/uploads\/2026\/02\/resilience_in_sohbetleri-1.jpg\" alt=\"\">\n            <\/div>\n            <div class=\"inv-service-text-area\">\n                <div class=\"inv-service-text  position-relative\">\n                    <div class=\"service-title-icon d-flex align-items-center\">\n                        <div class=\"service-icon d-flex align-items-center justify-content-center\">\n                        <i aria-hidden=\"true\" class=\"flaticon flaticon2-left-quote\"><\/i>                        <\/div>\n                        <div class=\"service-text\">\n                            <h3><a href=\"https:\/\/www.resiliencein.com\/?page_id=4497\">Resilience Sohbetleri<\/a><\/h3>\n                        <\/div>\n                    <\/div>\n                    <div class=\"service-desc\">\n                                            <\/div>\n                <\/div>\n                <div class=\"service-btn text-center text-uppercase\">\n                    <a href=\"https:\/\/www.resiliencein.com\/?page_id=4497\">G\u00f6z At<\/a>\n                <\/div>\n            <\/div>\n        <\/div>\n    <\/div>\n    \t\t\t\t<\/div>\n\t\t\t\t<\/div>\n\t\t\t\t\t<\/div>\n\t\t\t\t<\/div>\n\t\t\t\t<\/div>\n\t\t","protected":false},"excerpt":{"rendered":"<p>Liderlik Program\u0131 Home &nbsp; Liderlik Program\u0131 Liderlik d\u00f6n\u00fc\u015f\u00fcm\u00fcn ve s\u00fcreklili\u011fin temel itici g\u00fcc\u00fc olup organizasyondaki her bireyin sahip olmas\u0131 gereken bir yetkinlik. Bu program, bireyin kendisinin, ekibinin ve kurumunun potansiyelini ortaya \u00e7\u0131karabilmesin ama\u00e7lar. Kat\u0131l\u0131mc\u0131lara; Stratejik d\u00fc\u015f\u00fcnme (gelece\u011fi \u00f6ng\u00f6rme ve y\u00f6n tayini), sistematik d\u00fc\u015f\u00fcnme (ili\u015fkiler a\u011f\u0131n\u0131 ve dinamikleri anlama), Algoritmik d\u00fc\u015f\u00fcnme (karma\u015f\u0131k problemleri \u00e7\u00f6z\u00fcme d\u00f6n\u00fc\u015ft\u00fcrme) ve [&hellip;]<\/p>\n","protected":false},"author":1,"featured_media":0,"parent":4159,"menu_order":0,"comment_status":"closed","ping_status":"closed","template":"invite-template.php","meta":{"footnotes":""},"class_list":["post-1574","page","type-page","status-publish","hentry"],"_links":{"self":[{"href":"https:\/\/www.resiliencein.com\/index.php?rest_route=\/wp\/v2\/pages\/1574","targetHints":{"allow":["GET"]}}],"collection":[{"href":"https:\/\/www.resiliencein.com\/index.php?rest_route=\/wp\/v2\/pages"}],"about":[{"href":"https:\/\/www.resiliencein.com\/index.php?rest_route=\/wp\/v2\/types\/page"}],"author":[{"embeddable":true,"href":"https:\/\/www.resiliencein.com\/index.php?rest_route=\/wp\/v2\/users\/1"}],"replies":[{"embeddable":true,"href":"https:\/\/www.resiliencein.com\/index.php?rest_route=%2Fwp%2Fv2%2Fcomments&post=1574"}],"version-history":[{"count":68,"href":"https:\/\/www.resiliencein.com\/index.php?rest_route=\/wp\/v2\/pages\/1574\/revisions"}],"predecessor-version":[{"id":5878,"href":"https:\/\/www.resiliencein.com\/index.php?rest_route=\/wp\/v2\/pages\/1574\/revisions\/5878"}],"up":[{"embeddable":true,"href":"https:\/\/www.resiliencein.com\/index.php?rest_route=\/wp\/v2\/pages\/4159"}],"wp:attachment":[{"href":"https:\/\/www.resiliencein.com\/index.php?rest_route=%2Fwp%2Fv2%2Fmedia&parent=1574"}],"curies":[{"name":"wp","href":"https:\/\/api.w.org\/{rel}","templated":true}]}}