{"id":4159,"date":"2023-05-03T06:04:57","date_gmt":"2023-05-03T06:04:57","guid":{"rendered":"https:\/\/themexriver.com\/wp\/invite-wp\/?page_id=8"},"modified":"2026-02-12T08:25:15","modified_gmt":"2026-02-12T08:25:15","slug":"ri-cozumler","status":"publish","type":"page","link":"https:\/\/www.resiliencein.com\/?page_id=4159","title":{"rendered":"Ri-\u00c7\u00f6z\u00fcmler"},"content":{"rendered":"\t\t<div data-elementor-type=\"wp-page\" data-elementor-id=\"4159\" class=\"elementor elementor-4159\">\n\t\t\t\t\t\t<section class=\"elementor-section elementor-top-section elementor-element elementor-element-8250eb3 elementor-section-boxed elementor-section-height-default elementor-section-height-default\" data-id=\"8250eb3\" data-element_type=\"section\" data-e-type=\"section\" data-settings=\"{&quot;background_background&quot;:&quot;classic&quot;}\">\n\t\t\t\t\t\t\t<div class=\"elementor-background-overlay\"><\/div>\n\t\t\t\t\t\t\t<div class=\"elementor-container elementor-column-gap-default\">\n\t\t\t\t\t<div class=\"elementor-column elementor-col-100 elementor-top-column elementor-element elementor-element-fe3dff9\" data-id=\"fe3dff9\" data-element_type=\"column\" data-e-type=\"column\">\n\t\t\t<div class=\"elementor-widget-wrap elementor-element-populated\">\n\t\t\t\t\t\t<div class=\"elementor-element elementor-element-a224a9b elementor-widget elementor-widget-int-breadcrumb\" data-id=\"a224a9b\" data-element_type=\"widget\" data-e-type=\"widget\" data-widget_type=\"int-breadcrumb.default\">\n\t\t\t\t<div class=\"elementor-widget-container\">\n\t\t\t\t\t\t<div class=\"breadcrumb\">\n        <div class=\"breadcrumb__content text-center\">\n            <h2>Ri-\u00c7\u00f6z\u00fcmler<\/h2>\n            <ul class=\"bread-crumb clearfix ul_li_center\">\n                <li class=\"breadcrumb-item\"><a href=\"https:\/\/www.resiliencein.com\/\">Home &nbsp;<\/a><\/li><li class=\"breadcrumb-item\"><a href=\"https:\/\/www.resiliencein.com\/?page_id=4159\"><\/a><\/li>            <\/ul>\n        <\/div>\n    <\/div>\n    \t\t\t\t<\/div>\n\t\t\t\t<\/div>\n\t\t\t\t\t<\/div>\n\t\t<\/div>\n\t\t\t\t\t<\/div>\n\t\t<\/section>\n\t\t\t\t<section class=\"elementor-section elementor-top-section elementor-element elementor-element-3766d6e elementor-section-full_width elementor-section-height-default elementor-section-height-default\" data-id=\"3766d6e\" data-element_type=\"section\" data-e-type=\"section\">\n\t\t\t\t\t\t<div class=\"elementor-container elementor-column-gap-no\">\n\t\t\t\t\t<div class=\"elementor-column elementor-col-100 elementor-top-column elementor-element elementor-element-98dc477\" data-id=\"98dc477\" data-element_type=\"column\" data-e-type=\"column\">\n\t\t\t<div class=\"elementor-widget-wrap elementor-element-populated\">\n\t\t\t\t\t\t<section class=\"elementor-section elementor-inner-section elementor-element elementor-element-8d999e4 elementor-section-content-bottom elementor-section-boxed elementor-section-height-default elementor-section-height-default\" data-id=\"8d999e4\" data-element_type=\"section\" data-e-type=\"section\">\n\t\t\t\t\t\t<div class=\"elementor-container elementor-column-gap-default\">\n\t\t\t\t\t<div class=\"elementor-column elementor-col-50 elementor-inner-column elementor-element elementor-element-e41a8fe\" data-id=\"e41a8fe\" data-element_type=\"column\" data-e-type=\"column\">\n\t\t\t<div class=\"elementor-widget-wrap elementor-element-populated\">\n\t\t\t\t\t\t<div class=\"elementor-element elementor-element-caaae74 elementor-widget elementor-widget-int-section-title\" data-id=\"caaae74\" data-element_type=\"widget\" data-e-type=\"widget\" data-widget_type=\"int-section-title.default\">\n\t\t\t\t<div class=\"elementor-widget-container\">\n\t\t\t\t\t\t\t\t\t\t<div class=\"section-heading text-left\">\n\t\t\t\t\t\t\t\t\t<div class=\"heading-subtitle wow fadeInRight\">\n\t\t\t\t\t\t\t\t\t\t\t\t\t<img decoding=\"async\" src=\"https:\/\/themexriver.com\/wp\/invite-wp\/wp-content\/uploads\/2023\/05\/sh_icon.png\" alt=\"\">\n\t\t\t\t\t\t\t\t\t\t\t\tSorunu Anla,<span> \u00c7\u00f6z\u00fcm\u00fc Uygula,<\/span> S\u00fcreci Y\u00f6net!\t\t\t\t\t<\/div>\n\t\t\t\t\t\t\t\t<h3 class=\"heading-title tx-split-text split-in-right \">\n\t\t\t\t\tNe Yap\u0131yoruz, Nas\u0131l Yap\u0131yoruz?\t\t\t\t<\/h3>\n\t\t\t\t\t\t\t<\/div>\n\t\t\t\t\t\t\t<\/div>\n\t\t\t\t<\/div>\n\t\t\t\t\t<\/div>\n\t\t<\/div>\n\t\t\t\t<div class=\"elementor-column elementor-col-50 elementor-inner-column elementor-element elementor-element-5302cef\" data-id=\"5302cef\" data-element_type=\"column\" data-e-type=\"column\">\n\t\t\t<div class=\"elementor-widget-wrap elementor-element-populated\">\n\t\t\t\t\t\t<div class=\"elementor-element elementor-element-e6f050f elementor-widget elementor-widget-heading\" data-id=\"e6f050f\" data-element_type=\"widget\" data-e-type=\"widget\" data-widget_type=\"heading.default\">\n\t\t\t\t\t<h2 class=\"elementor-heading-title elementor-size-default\">Sorunlar\u0131 \u00e7\u00f6zmenin ve ihtiya\u00e7lar\u0131 kar\u015f\u0131laman\u0131n birden fazla yolu oldu\u011funu biliyoruz. Bu nedenle, 'ne' yapt\u0131\u011f\u0131m\u0131z\u0131 (\u00e7\u00f6z\u00fcmler) ve 'nas\u0131l' yapt\u0131\u011f\u0131m\u0131z\u0131 (hizmetler) birbirinden ay\u0131r\u0131yoruz. \"Gelecekte de var olmak\" vizyonu do\u011frultusunda, birbiriyle etkile\u015fim i\u00e7inde olmakla birlikte, ihtiyaca uygun olarak ba\u011f\u0131ms\u0131z da i\u015fletilebilecek d\u00f6rt \u00e7\u00f6z\u00fcm program\u0131 alt\u0131nda on alt\u0131 i\u015f \u00e7\u00f6z\u00fcm\u00fc ve bunlar\u0131n uygulanmas\u0131nda kullan\u0131labilecek yaz\u0131l\u0131m \u00e7\u00f6z\u00fcmleri sunuyoruz.<\/h2>\t\t\t\t<\/div>\n\t\t\t\t\t<\/div>\n\t\t<\/div>\n\t\t\t\t\t<\/div>\n\t\t<\/section>\n\t\t\t\t\t<\/div>\n\t\t<\/div>\n\t\t\t\t\t<\/div>\n\t\t<\/section>\n\t\t<div class=\"elementor-element elementor-element-a1dc9bf e-flex e-con-boxed e-con e-parent\" data-id=\"a1dc9bf\" data-element_type=\"container\" data-e-type=\"container\" data-settings=\"{&quot;background_background&quot;:&quot;classic&quot;}\">\n\t\t\t\t\t<div class=\"e-con-inner\">\n\t\t\t\t<div class=\"elementor-element elementor-element-b1bee1a elementor-widget elementor-widget-image\" data-id=\"b1bee1a\" data-element_type=\"widget\" data-e-type=\"widget\" data-widget_type=\"image.default\">\n\t\t\t\t\t\t\t\t\t\t\t\t\t\t\t<img fetchpriority=\"high\" decoding=\"async\" width=\"2560\" height=\"1570\" src=\"https:\/\/www.resiliencein.com\/wp-content\/uploads\/2026\/02\/Resilience-in-Tablo-V3-120226-scaled.png\" class=\"attachment-full size-full wp-image-5882\" alt=\"\" srcset=\"https:\/\/www.resiliencein.com\/wp-content\/uploads\/2026\/02\/Resilience-in-Tablo-V3-120226-scaled.png 2560w, https:\/\/www.resiliencein.com\/wp-content\/uploads\/2026\/02\/Resilience-in-Tablo-V3-120226-300x184.png 300w, https:\/\/www.resiliencein.com\/wp-content\/uploads\/2026\/02\/Resilience-in-Tablo-V3-120226-1024x628.png 1024w, https:\/\/www.resiliencein.com\/wp-content\/uploads\/2026\/02\/Resilience-in-Tablo-V3-120226-768x471.png 768w, https:\/\/www.resiliencein.com\/wp-content\/uploads\/2026\/02\/Resilience-in-Tablo-V3-120226-1536x942.png 1536w, https:\/\/www.resiliencein.com\/wp-content\/uploads\/2026\/02\/Resilience-in-Tablo-V3-120226-2048x1256.png 2048w, https:\/\/www.resiliencein.com\/wp-content\/uploads\/2026\/02\/Resilience-in-Tablo-V3-120226-600x368.png 600w\" sizes=\"(max-width: 2560px) 100vw, 2560px\" \/>\t\t\t\t\t\t\t\t\t\t\t\t\t\t\t<\/div>\n\t\t\t\t\t<\/div>\n\t\t\t\t<\/div>\n\t\t\t\t<section class=\"elementor-section elementor-top-section elementor-element elementor-element-4db3295 elementor-section-full_width elementor-section-height-default elementor-section-height-default\" data-id=\"4db3295\" data-element_type=\"section\" data-e-type=\"section\" data-settings=\"{&quot;background_background&quot;:&quot;classic&quot;}\">\n\t\t\t\t\t\t<div class=\"elementor-container elementor-column-gap-no\">\n\t\t\t\t\t<div class=\"elementor-column elementor-col-100 elementor-top-column elementor-element elementor-element-8c9804c\" data-id=\"8c9804c\" data-element_type=\"column\" data-e-type=\"column\">\n\t\t\t<div class=\"elementor-widget-wrap elementor-element-populated\">\n\t\t\t\t\t\t<section class=\"elementor-section elementor-inner-section elementor-element elementor-element-378b7fe elementor-section-boxed elementor-section-height-default elementor-section-height-default\" data-id=\"378b7fe\" data-element_type=\"section\" data-e-type=\"section\">\n\t\t\t\t\t\t<div class=\"elementor-container elementor-column-gap-default\">\n\t\t\t\t\t<div class=\"elementor-column elementor-col-50 elementor-inner-column elementor-element elementor-element-ee7beaa\" data-id=\"ee7beaa\" data-element_type=\"column\" data-e-type=\"column\">\n\t\t\t<div class=\"elementor-widget-wrap elementor-element-populated\">\n\t\t\t\t\t\t<div class=\"elementor-element elementor-element-58779b0 elementor-widget elementor-widget-int-f-baner-img\" data-id=\"58779b0\" data-element_type=\"widget\" data-e-type=\"widget\" data-widget_type=\"int-f-baner-img.default\">\n\t\t\t\t<div class=\"elementor-widget-container\">\n\t\t\t\t\t\t<div class=\"feature__img feature__img1 feature-img-animation pos-rel\">\n        <div class=\"image\">\n            <img decoding=\"async\" src=\"http:\/\/www.resiliencein.com\/wp-content\/uploads\/2026\/02\/rein_finansal_dayaniklilik.jpg\" alt=\"\">\n        <\/div>\n        <h2 class=\"feature__img-text\">\u00c7\u00f6z\u00fcmlerimiz<\/h2>\n    <\/div>\n    \t\t\t\t<\/div>\n\t\t\t\t<\/div>\n\t\t\t\t\t<\/div>\n\t\t<\/div>\n\t\t\t\t<div class=\"elementor-column elementor-col-50 elementor-inner-column elementor-element elementor-element-2012d92\" data-id=\"2012d92\" data-element_type=\"column\" data-e-type=\"column\">\n\t\t\t<div class=\"elementor-widget-wrap elementor-element-populated\">\n\t\t\t\t\t\t<div class=\"elementor-element elementor-element-45dff22 widget_categories elementor-widget elementor-widget-int-link-item\" data-id=\"45dff22\" data-element_type=\"widget\" data-e-type=\"widget\" data-widget_type=\"int-link-item.default\">\n\t\t\t\t<div class=\"elementor-widget-container\">\n\t\t\t\t\t\t<div class=\"widget__inner\">\n        <ul class=\"widget__category list-unstyled\">\n                            <li><a class=\"\" href=\"https:\/\/www.resiliencein.com\/?page_id=1574\">Liderlik Program\u0131<i class=\"far fa-chevron-double-right\"><\/i><\/a><\/li>\n                            <li><a class=\"\" href=\"https:\/\/www.resiliencein.com\/?page_id=4378\">Organizasyonel Dayan\u0131kl\u0131l\u0131k Program\u0131<i class=\"far fa-chevron-double-right\"><\/i><\/a><\/li>\n                            <li><a class=\"\" href=\"https:\/\/www.resiliencein.com\/?page_id=4385\">Dijital Dayan\u0131kl\u0131l\u0131k Program\u0131<i class=\"far fa-chevron-double-right\"><\/i><\/a><\/li>\n                            <li><a class=\"\" href=\"https:\/\/www.resiliencein.com\/?page_id=4392\">Ekonomik Dayan\u0131kl\u0131l\u0131k Program\u0131<i class=\"far fa-chevron-double-right\"><\/i><\/a><\/li>\n                            <li><a class=\"\" href=\"https:\/\/www.resiliencein.com\/?page_id=4396\">Netweaving House<i class=\"far fa-chevron-double-right\"><\/i><\/a><\/li>\n                            <li><a class=\"\" href=\"https:\/\/www.resiliencein.com\/?page_id=5238\">Kurumsal Y\u00f6neti\u015fim, Risk ve Uyum Program\u0131<i class=\"far fa-chevron-double-right\"><\/i><\/a><\/li>\n                            <li><a class=\"\" href=\"https:\/\/www.resiliencein.com\/?page_id=4487\">Yaz\u0131l\u0131m \u00c7\u00f6z\u00fcmleri<i class=\"far fa-chevron-double-right\"><\/i><\/a><\/li>\n                    <\/ul>\n    <\/div>\n    \t\t\t\t<\/div>\n\t\t\t\t<\/div>\n\t\t\t\t\t<\/div>\n\t\t<\/div>\n\t\t\t\t\t<\/div>\n\t\t<\/section>\n\t\t\t\t<section class=\"elementor-section elementor-inner-section elementor-element elementor-element-7bd06d0 elementor-section-content-middle elementor-section-boxed elementor-section-height-default elementor-section-height-default\" data-id=\"7bd06d0\" data-element_type=\"section\" data-e-type=\"section\">\n\t\t\t\t\t\t<div class=\"elementor-container elementor-column-gap-default\">\n\t\t\t\t\t<div class=\"elementor-column elementor-col-100 elementor-inner-column elementor-element elementor-element-90b6c8a\" data-id=\"90b6c8a\" data-element_type=\"column\" data-e-type=\"column\">\n\t\t\t<div class=\"elementor-widget-wrap\">\n\t\t\t\t\t\t\t<\/div>\n\t\t<\/div>\n\t\t\t\t\t<\/div>\n\t\t<\/section>\n\t\t\t\t<div class=\"elementor-element elementor-element-0a16011 elementor-widget elementor-widget-int-pp-shape-img\" data-id=\"0a16011\" data-element_type=\"widget\" data-e-type=\"widget\" data-widget_type=\"int-pp-shape-img.default\">\n\t\t\t\t<div class=\"elementor-widget-container\">\n\t\t\t\t\t\t<div class=\"feature__shape\">\n        <img decoding=\"async\" class=\"shape shape--1\" data-parallax='{\"y\" : 90}' src=\"http:\/\/www.resiliencein.com\/wp-content\/uploads\/2026\/01\/turuncu_shape1_311225.png\" alt=\"\">\n    <\/div>\n    \t\t\t\t<\/div>\n\t\t\t\t<\/div>\n\t\t\t\t\t<\/div>\n\t\t<\/div>\n\t\t\t\t\t<\/div>\n\t\t<\/section>\n\t\t<div class=\"elementor-element elementor-element-4b54983 e-flex e-con-boxed e-con e-parent\" data-id=\"4b54983\" data-element_type=\"container\" data-e-type=\"container\">\n\t\t\t\t\t<div class=\"e-con-inner\">\n\t\t\t\t<div class=\"elementor-element elementor-element-cd6fbc6 elementor-widget elementor-widget-spacer\" data-id=\"cd6fbc6\" data-element_type=\"widget\" data-e-type=\"widget\" data-widget_type=\"spacer.default\">\n\t\t\t\t\t\t\t<div class=\"elementor-spacer\">\n\t\t\t<div class=\"elementor-spacer-inner\"><\/div>\n\t\t<\/div>\n\t\t\t\t\t\t<\/div>\n\t\t\t\t\t<\/div>\n\t\t\t\t<\/div>\n\t\t\t\t<\/div>\n\t\t","protected":false},"excerpt":{"rendered":"<p>Ri-\u00c7\u00f6z\u00fcmler Home &nbsp; Sorunu Anla, \u00c7\u00f6z\u00fcm\u00fc Uygula, S\u00fcreci Y\u00f6net! Ne Yap\u0131yoruz, Nas\u0131l Yap\u0131yoruz? Sorunlar\u0131 \u00e7\u00f6zmenin ve ihtiya\u00e7lar\u0131 kar\u015f\u0131laman\u0131n birden fazla yolu oldu\u011funu biliyoruz. Bu nedenle, &#8216;ne&#8217; yapt\u0131\u011f\u0131m\u0131z\u0131 (\u00e7\u00f6z\u00fcmler) ve &#8216;nas\u0131l&#8217; yapt\u0131\u011f\u0131m\u0131z\u0131 (hizmetler) birbirinden ay\u0131r\u0131yoruz. &#8220;Gelecekte de var olmak&#8221; vizyonu do\u011frultusunda, birbiriyle etkile\u015fim i\u00e7inde olmakla birlikte, ihtiyaca uygun olarak ba\u011f\u0131ms\u0131z da i\u015fletilebilecek d\u00f6rt \u00e7\u00f6z\u00fcm program\u0131 alt\u0131nda [&hellip;]<\/p>\n","protected":false},"author":1,"featured_media":0,"parent":0,"menu_order":0,"comment_status":"closed","ping_status":"closed","template":"invite-template.php","meta":{"footnotes":""},"class_list":["post-4159","page","type-page","status-publish","hentry"],"_links":{"self":[{"href":"https:\/\/www.resiliencein.com\/index.php?rest_route=\/wp\/v2\/pages\/4159","targetHints":{"allow":["GET"]}}],"collection":[{"href":"https:\/\/www.resiliencein.com\/index.php?rest_route=\/wp\/v2\/pages"}],"about":[{"href":"https:\/\/www.resiliencein.com\/index.php?rest_route=\/wp\/v2\/types\/page"}],"author":[{"embeddable":true,"href":"https:\/\/www.resiliencein.com\/index.php?rest_route=\/wp\/v2\/users\/1"}],"replies":[{"embeddable":true,"href":"https:\/\/www.resiliencein.com\/index.php?rest_route=%2Fwp%2Fv2%2Fcomments&post=4159"}],"version-history":[{"count":77,"href":"https:\/\/www.resiliencein.com\/index.php?rest_route=\/wp\/v2\/pages\/4159\/revisions"}],"predecessor-version":[{"id":5895,"href":"https:\/\/www.resiliencein.com\/index.php?rest_route=\/wp\/v2\/pages\/4159\/revisions\/5895"}],"wp:attachment":[{"href":"https:\/\/www.resiliencein.com\/index.php?rest_route=%2Fwp%2Fv2%2Fmedia&parent=4159"}],"curies":[{"name":"wp","href":"https:\/\/api.w.org\/{rel}","templated":true}]}}