{"id":4378,"date":"2025-12-30T16:31:05","date_gmt":"2025-12-30T16:31:05","guid":{"rendered":"http:\/\/www.resiliencein.com\/resiliencein\/?page_id=4378"},"modified":"2026-02-17T08:22:12","modified_gmt":"2026-02-17T08:22:12","slug":"organizasyonel-dayankllk-program","status":"publish","type":"page","link":"https:\/\/www.resiliencein.com\/?page_id=4378","title":{"rendered":"Organizasyonel Dayan\u0131kl\u0131l\u0131k Program\u0131"},"content":{"rendered":"\t\t<div data-elementor-type=\"wp-page\" data-elementor-id=\"4378\" class=\"elementor elementor-4378\">\n\t\t\t\t\t\t<section class=\"elementor-section elementor-top-section elementor-element elementor-element-5b65fc4 elementor-section-boxed elementor-section-height-default elementor-section-height-default\" data-id=\"5b65fc4\" data-element_type=\"section\" data-e-type=\"section\" data-settings=\"{&quot;background_background&quot;:&quot;classic&quot;}\">\n\t\t\t\t\t\t\t<div class=\"elementor-background-overlay\"><\/div>\n\t\t\t\t\t\t\t<div class=\"elementor-container elementor-column-gap-default\">\n\t\t\t\t\t<div class=\"elementor-column elementor-col-100 elementor-top-column elementor-element elementor-element-a70bb14\" data-id=\"a70bb14\" data-element_type=\"column\" data-e-type=\"column\">\n\t\t\t<div class=\"elementor-widget-wrap elementor-element-populated\">\n\t\t\t\t\t\t<div class=\"elementor-element elementor-element-fb2b9e0 elementor-widget elementor-widget-int-breadcrumb\" data-id=\"fb2b9e0\" data-element_type=\"widget\" data-e-type=\"widget\" data-widget_type=\"int-breadcrumb.default\">\n\t\t\t\t<div class=\"elementor-widget-container\">\n\t\t\t\t\t\t<div class=\"breadcrumb\">\n        <div class=\"breadcrumb__content text-center\">\n            <h2>Organizasyonel Dayan\u0131kl\u0131l\u0131k Program\u0131<\/h2>\n            <ul class=\"bread-crumb clearfix ul_li_center\">\n                <li class=\"breadcrumb-item\"><a href=\"https:\/\/www.resiliencein.com\/\">Home &nbsp;<\/a><\/li><li class=\"breadcrumb-item\"><a href=\"https:\/\/www.resiliencein.com\/?page_id=4378\"><\/a><\/li>            <\/ul>\n        <\/div>\n    <\/div>\n    \t\t\t\t<\/div>\n\t\t\t\t<\/div>\n\t\t\t\t\t<\/div>\n\t\t<\/div>\n\t\t\t\t\t<\/div>\n\t\t<\/section>\n\t\t\t\t<section class=\"elementor-section elementor-top-section elementor-element elementor-element-7060652 elementor-section-boxed elementor-section-height-default elementor-section-height-default\" data-id=\"7060652\" data-element_type=\"section\" data-e-type=\"section\">\n\t\t\t\t\t\t<div class=\"elementor-container elementor-column-gap-default\">\n\t\t\t\t\t<div class=\"elementor-column elementor-col-66 elementor-top-column elementor-element elementor-element-caba9d8\" data-id=\"caba9d8\" data-element_type=\"column\" data-e-type=\"column\">\n\t\t\t<div class=\"elementor-widget-wrap elementor-element-populated\">\n\t\t\t\t\t\t<div class=\"elementor-element elementor-element-36e29e8 elementor-widget elementor-widget-image\" data-id=\"36e29e8\" data-element_type=\"widget\" data-e-type=\"widget\" data-widget_type=\"image.default\">\n\t\t\t\t\t\t\t\t\t\t\t\t\t\t\t<img fetchpriority=\"high\" decoding=\"async\" width=\"1915\" height=\"621\" src=\"https:\/\/www.resiliencein.com\/wp-content\/uploads\/2026\/02\/rein_organizasyonel_dayaniklilik.jpg\" class=\"attachment-full size-full wp-image-5364\" alt=\"\" srcset=\"https:\/\/www.resiliencein.com\/wp-content\/uploads\/2026\/02\/rein_organizasyonel_dayaniklilik.jpg 1915w, https:\/\/www.resiliencein.com\/wp-content\/uploads\/2026\/02\/rein_organizasyonel_dayaniklilik-300x97.jpg 300w, https:\/\/www.resiliencein.com\/wp-content\/uploads\/2026\/02\/rein_organizasyonel_dayaniklilik-1024x332.jpg 1024w, https:\/\/www.resiliencein.com\/wp-content\/uploads\/2026\/02\/rein_organizasyonel_dayaniklilik-768x249.jpg 768w, https:\/\/www.resiliencein.com\/wp-content\/uploads\/2026\/02\/rein_organizasyonel_dayaniklilik-1536x498.jpg 1536w, https:\/\/www.resiliencein.com\/wp-content\/uploads\/2026\/02\/rein_organizasyonel_dayaniklilik-600x195.jpg 600w\" sizes=\"(max-width: 1915px) 100vw, 1915px\" \/>\t\t\t\t\t\t\t\t\t\t\t\t\t\t\t<\/div>\n\t\t\t\t<div class=\"elementor-element elementor-element-48eb736 elementor-widget elementor-widget-heading\" data-id=\"48eb736\" data-element_type=\"widget\" data-e-type=\"widget\" data-widget_type=\"heading.default\">\n\t\t\t\t\t<h2 class=\"elementor-heading-title elementor-size-default\">Organizasyonel Dayan\u0131kl\u0131l\u0131k Program\u0131<\/h2>\t\t\t\t<\/div>\n\t\t\t\t<div class=\"elementor-element elementor-element-af01f68 elementor-widget elementor-widget-heading\" data-id=\"af01f68\" data-element_type=\"widget\" data-e-type=\"widget\" data-widget_type=\"heading.default\">\n\t\t\t\t\t<p class=\"elementor-heading-title elementor-size-default\">Organizasyonlar\u0131 canl\u0131 bir varl\u0131 olarak g\u00f6rmeye ba\u015flad\u0131\u011f\u0131m\u0131zda, yeg\u00e2ne amac\u0131n\u0131n gelecekte de var olmak oldu\u011funu, yani ya\u015famaya devam etmek oldu\u011funu g\u00f6rebiliriz. Bu program, afet ve acil durum olaylar\u0131 dahil, i\u015f veya hizmet kesintisine sebebiyet verebilecek her t\u00fcrl\u00fc olayda tekrar \u00fcretebilir olman\u0131n \u00f6tesinde; de\u011fi\u015fen \"sosyolojik\", \"teknolojik\", \"ekonomik\", \"ekolojik\", \"ergonomik\" ve \"politik\" ko\u015fullara organizasyonu haz\u0131rlayabilecek yetkinlikleri kazand\u0131rmay\u0131 ama\u00e7lar.\n<br>\n<br>\nOrganizasyonlar\u0131 canl\u0131 bir varl\u0131 olarak g\u00f6rmeye ba\u015flad\u0131\u011f\u0131m\u0131zda, yeg\u00e2ne amac\u0131n\u0131n gelecekte de var olmak oldu\u011funu, yani ya\u015famaya devam etmek oldu\u011funu g\u00f6rebiliriz. Bu program, afet ve acil durum olaylar\u0131 dahil, i\u015f veya hizmet kesintisine sebebiyet verebilecek her t\u00fcrl\u00fc olayda tekrar \u00fcretebilir olman\u0131n \u00f6tesinde; de\u011fi\u015fen sosyolojik, teknolojik, ekonomik, ekolojik, ergonomik ve politik ko\u015fullara organizasyonu haz\u0131rlayabilecek yetkinlikleri kazand\u0131rmay\u0131 ama\u00e7lar.<\/p>\t\t\t\t<\/div>\n\t\t\t\t<div class=\"elementor-element elementor-element-204b053 elementor-widget__width-auto elementor-widget elementor-widget-int-fs-3\" data-id=\"204b053\" data-element_type=\"widget\" data-e-type=\"widget\" data-widget_type=\"int-fs-3.default\">\n\t\t\t\t<div class=\"elementor-widget-container\">\n\t\t\t\t\t\t\n   <div class=\"service-single__info-wrap\">\n        <div class=\"service-single__info\">\n            <div class=\"row\">\n                                <div class=\"col-lg-6 col-md-6\">\n                    <div class=\"service-single__info-item\">\n                        <div class=\"icon invite-text-gr-color\">\n                            <i aria-hidden=\"true\" class=\"fas fa-puzzle-piece\"><\/i>                        <\/div>\n                        <div class=\"content\">\n                            <h4>\u0130\u015f S\u00fcreklili\u011fi Y\u00f6netimi (ISO 22301\/22313)<\/h4>\n                            <p><\/p>\n                        <\/div>\n                    <\/div>\n                <\/div>\n                                <div class=\"col-lg-6 col-md-6\">\n                    <div class=\"service-single__info-item\">\n                        <div class=\"icon invite-text-gr-color\">\n                            <i aria-hidden=\"true\" class=\"fas fa-puzzle-piece\"><\/i>                        <\/div>\n                        <div class=\"content\">\n                            <h4>BSC (Balanced Scorecard); OKR (Objectives and Key Results); KPI (Key Performance Indicator)<\/h4>\n                            <p><\/p>\n                        <\/div>\n                    <\/div>\n                <\/div>\n                                <div class=\"col-lg-6 col-md-6\">\n                    <div class=\"service-single__info-item\">\n                        <div class=\"icon invite-text-gr-color\">\n                            <i aria-hidden=\"true\" class=\"fas fa-puzzle-piece\"><\/i>                        <\/div>\n                        <div class=\"content\">\n                            <h4>Strateji ve B\u00fct\u00fcnsel Risk Y\u00f6netimi<\/h4>\n                            <p><\/p>\n                        <\/div>\n                    <\/div>\n                <\/div>\n                                <div class=\"col-lg-6 col-md-6\">\n                    <div class=\"service-single__info-item\">\n                        <div class=\"icon invite-text-gr-color\">\n                            <i aria-hidden=\"true\" class=\"fas fa-puzzle-piece\"><\/i>                        <\/div>\n                        <div class=\"content\">\n                            <h4>\u0130nnovasyon<\/h4>\n                            <p><\/p>\n                        <\/div>\n                    <\/div>\n                <\/div>\n                                <div class=\"col-lg-6 col-md-6\">\n                    <div class=\"service-single__info-item\">\n                        <div class=\"icon invite-text-gr-color\">\n                            <i aria-hidden=\"true\" class=\"fas fa-puzzle-piece\"><\/i>                        <\/div>\n                        <div class=\"content\">\n                            <h4>Dijital D\u00f6n\u00fc\u015f\u00fcm<\/h4>\n                            <p><\/p>\n                        <\/div>\n                    <\/div>\n                <\/div>\n                                <div class=\"col-lg-6 col-md-6\">\n                    <div class=\"service-single__info-item\">\n                        <div class=\"icon invite-text-gr-color\">\n                            <i aria-hidden=\"true\" class=\"fas fa-puzzle-piece\"><\/i>                        <\/div>\n                        <div class=\"content\">\n                            <h4>ESG (Environmental, Social, Governance) <\/h4>\n                            <p><\/p>\n                        <\/div>\n                    <\/div>\n                <\/div>\n                            <\/div>\n        <\/div>\n    <\/div>\n    \t\t\t\t<\/div>\n\t\t\t\t<\/div>\n\t\t\t\t\t<\/div>\n\t\t<\/div>\n\t\t\t\t<div class=\"elementor-column elementor-col-33 elementor-top-column elementor-element elementor-element-ad0c556\" data-id=\"ad0c556\" data-element_type=\"column\" data-e-type=\"column\">\n\t\t\t<div class=\"elementor-widget-wrap elementor-element-populated\">\n\t\t\t\t\t\t<div class=\"elementor-element elementor-element-79a4514 elementor-widget elementor-widget-heading\" data-id=\"79a4514\" data-element_type=\"widget\" data-e-type=\"widget\" data-widget_type=\"heading.default\">\n\t\t\t\t\t<h2 class=\"elementor-heading-title elementor-size-default\">\u00c7\u00f6z\u00fcmlerimiz<\/h2>\t\t\t\t<\/div>\n\t\t\t\t<div class=\"elementor-element elementor-element-0851c6b widget_categories elementor-widget elementor-widget-int-link-item\" data-id=\"0851c6b\" data-element_type=\"widget\" data-e-type=\"widget\" data-widget_type=\"int-link-item.default\">\n\t\t\t\t<div class=\"elementor-widget-container\">\n\t\t\t\t\t\t<div class=\"widget__inner\">\n        <ul class=\"widget__category list-unstyled\">\n                            <li><a class=\"\" href=\"https:\/\/www.resiliencein.com\/?page_id=1574\">Liderlik Program\u0131<i class=\"far fa-chevron-double-right\"><\/i><\/a><\/li>\n                            <li><a class=\"\" href=\"https:\/\/www.resiliencein.com\/?page_id=4378\">Organizasyonel Dayan\u0131kl\u0131l\u0131k Program\u0131<i class=\"far fa-chevron-double-right\"><\/i><\/a><\/li>\n                            <li><a class=\"\" href=\"https:\/\/www.resiliencein.com\/?page_id=4385\">Dijital Dayan\u0131kl\u0131l\u0131k Program\u0131<i class=\"far fa-chevron-double-right\"><\/i><\/a><\/li>\n                            <li><a class=\"\" href=\"https:\/\/www.resiliencein.com\/?page_id=4392\">Ekonomik Dayan\u0131kl\u0131l\u0131k Program\u0131<i class=\"far fa-chevron-double-right\"><\/i><\/a><\/li>\n                            <li><a class=\"\" href=\"https:\/\/www.resiliencein.com\/?page_id=4396\">Netweaving House<i class=\"far fa-chevron-double-right\"><\/i><\/a><\/li>\n                            <li><a class=\"\" href=\"https:\/\/www.resiliencein.com\/?page_id=5238\">Kurumsal Y\u00f6neti\u015fim, Risk ve Uyum Program\u0131<i class=\"far fa-chevron-double-right\"><\/i><\/a><\/li>\n                            <li><a class=\"\" href=\"https:\/\/www.resiliencein.com\/?page_id=4487\">Yaz\u0131l\u0131m \u00c7\u00f6z\u00fcmleri<i class=\"far fa-chevron-double-right\"><\/i><\/a><\/li>\n                    <\/ul>\n    <\/div>\n    \t\t\t\t<\/div>\n\t\t\t\t<\/div>\n\t\t\t\t\t<\/div>\n\t\t<\/div>\n\t\t\t\t\t<\/div>\n\t\t<\/section>\n\t\t<div class=\"elementor-element elementor-element-52128a8 e-flex e-con-boxed e-con e-parent\" data-id=\"52128a8\" data-element_type=\"container\" data-e-type=\"container\">\n\t\t\t\t\t<div class=\"e-con-inner\">\n\t\t\t\t<div class=\"elementor-element elementor-element-ad6115c elementor-widget elementor-widget-heading\" data-id=\"ad6115c\" data-element_type=\"widget\" data-e-type=\"widget\" data-widget_type=\"heading.default\">\n\t\t\t\t\t<h2 class=\"elementor-heading-title elementor-size-default\">\u0130lgili Ri-Hizmetlere G\u00f6z At\u0131n!<\/h2>\t\t\t\t<\/div>\n\t\t\t\t\t<\/div>\n\t\t\t\t<\/div>\n\t\t<div class=\"elementor-element elementor-element-ac9fc90 e-grid e-con-boxed e-con e-parent\" data-id=\"ac9fc90\" data-element_type=\"container\" data-e-type=\"container\">\n\t\t\t\t\t<div class=\"e-con-inner\">\n\t\t\t\t<div class=\"elementor-element elementor-element-5ca3934 elementor-widget elementor-widget-int-service-grid-two\" data-id=\"5ca3934\" data-element_type=\"widget\" data-e-type=\"widget\" data-widget_type=\"int-service-grid-two.default\">\n\t\t\t\t<div class=\"elementor-widget-container\">\n\t\t\t\t\t\t<div class=\"wow fadeInUp\"   data-wow-duration=\"1500ms\">\n        <div class=\"inv-service-item-3\">\n            <div class=\"inv-service-img\">\n                <img decoding=\"async\" src=\"http:\/\/www.resiliencein.com\/wp-content\/uploads\/2026\/02\/seminervekonusmalar.jpg-1.jpeg\" alt=\"\">\n            <\/div>\n            <div class=\"inv-service-text-area\">\n                <div class=\"inv-service-text  position-relative\">\n                    <div class=\"service-title-icon d-flex align-items-center\">\n                        <div class=\"service-icon d-flex align-items-center justify-content-center\">\n                        <i aria-hidden=\"true\" class=\"fas fa-microphone-alt\"><\/i>                        <\/div>\n                        <div class=\"service-text\">\n                            <h3><a href=\"https:\/\/www.resiliencein.com\/?page_id=4492\">Seminer ve Konu\u015fmalar<\/a><\/h3>\n                        <\/div>\n                    <\/div>\n                    <div class=\"service-desc\">\n                                            <\/div>\n                <\/div>\n                <div class=\"service-btn text-center text-uppercase\">\n                    <a href=\"https:\/\/www.resiliencein.com\/?page_id=4492\">G\u00f6z At<\/a>\n                <\/div>\n            <\/div>\n        <\/div>\n    <\/div>\n    \t\t\t\t<\/div>\n\t\t\t\t<\/div>\n\t\t\t\t<div class=\"elementor-element elementor-element-963dcfa elementor-widget elementor-widget-int-service-grid-two\" data-id=\"963dcfa\" data-element_type=\"widget\" data-e-type=\"widget\" data-widget_type=\"int-service-grid-two.default\">\n\t\t\t\t<div class=\"elementor-widget-container\">\n\t\t\t\t\t\t<div class=\"wow fadeInUp\"   data-wow-duration=\"1500ms\">\n        <div class=\"inv-service-item-3\">\n            <div class=\"inv-service-img\">\n                <img decoding=\"async\" src=\"http:\/\/www.resiliencein.com\/wp-content\/uploads\/2026\/02\/atolyeegitimi-1.jpg\" alt=\"\">\n            <\/div>\n            <div class=\"inv-service-text-area\">\n                <div class=\"inv-service-text  position-relative\">\n                    <div class=\"service-title-icon d-flex align-items-center\">\n                        <div class=\"service-icon d-flex align-items-center justify-content-center\">\n                        <i aria-hidden=\"true\" class=\"flaticon flaticon2-people\"><\/i>                        <\/div>\n                        <div class=\"service-text\">\n                            <h3><a href=\"https:\/\/www.resiliencein.com\/?page_id=4493\">At\u00f6lye E\u011fitimi<\/a><\/h3>\n                        <\/div>\n                    <\/div>\n                    <div class=\"service-desc\">\n                                            <\/div>\n                <\/div>\n                <div class=\"service-btn text-center text-uppercase\">\n                    <a href=\"https:\/\/www.resiliencein.com\/?page_id=4493\">G\u00f6z At<\/a>\n                <\/div>\n            <\/div>\n        <\/div>\n    <\/div>\n    \t\t\t\t<\/div>\n\t\t\t\t<\/div>\n\t\t\t\t<div class=\"elementor-element elementor-element-332609b elementor-widget elementor-widget-int-service-grid-two\" data-id=\"332609b\" data-element_type=\"widget\" data-e-type=\"widget\" data-widget_type=\"int-service-grid-two.default\">\n\t\t\t\t<div class=\"elementor-widget-container\">\n\t\t\t\t\t\t<div class=\"wow fadeInUp\"   data-wow-duration=\"1500ms\">\n        <div class=\"inv-service-item-3\">\n            <div class=\"inv-service-img\">\n                <img decoding=\"async\" src=\"http:\/\/www.resiliencein.com\/wp-content\/uploads\/2026\/02\/Mentorluk-1.jpg\" alt=\"\">\n            <\/div>\n            <div class=\"inv-service-text-area\">\n                <div class=\"inv-service-text  position-relative\">\n                    <div class=\"service-title-icon d-flex align-items-center\">\n                        <div class=\"service-icon d-flex align-items-center justify-content-center\">\n                        <i aria-hidden=\"true\" class=\"flaticon flaticon2-avatar\"><\/i>                        <\/div>\n                        <div class=\"service-text\">\n                            <h3><a href=\"https:\/\/www.resiliencein.com\/?page_id=4497\">Ment\u00f6rl\u00fck<\/a><\/h3>\n                        <\/div>\n                    <\/div>\n                    <div class=\"service-desc\">\n                                            <\/div>\n                <\/div>\n                <div class=\"service-btn text-center text-uppercase\">\n                    <a href=\"https:\/\/www.resiliencein.com\/?page_id=4497\">G\u00f6z At<\/a>\n                <\/div>\n            <\/div>\n        <\/div>\n    <\/div>\n    \t\t\t\t<\/div>\n\t\t\t\t<\/div>\n\t\t\t\t<div class=\"elementor-element elementor-element-b787aa4 elementor-widget elementor-widget-int-service-grid-two\" data-id=\"b787aa4\" data-element_type=\"widget\" data-e-type=\"widget\" data-widget_type=\"int-service-grid-two.default\">\n\t\t\t\t<div class=\"elementor-widget-container\">\n\t\t\t\t\t\t<div class=\"wow fadeInUp\"   data-wow-duration=\"1500ms\">\n        <div class=\"inv-service-item-3\">\n            <div class=\"inv-service-img\">\n                <img decoding=\"async\" src=\"http:\/\/www.resiliencein.com\/wp-content\/uploads\/2026\/02\/analizvedegerlendirme-1.jpg\" alt=\"\">\n            <\/div>\n            <div class=\"inv-service-text-area\">\n                <div class=\"inv-service-text  position-relative\">\n                    <div class=\"service-title-icon d-flex align-items-center\">\n                        <div class=\"service-icon d-flex align-items-center justify-content-center\">\n                        <i aria-hidden=\"true\" class=\"flaticon flaticon2-settings-1\"><\/i>                        <\/div>\n                        <div class=\"service-text\">\n                            <h3><a href=\"https:\/\/www.resiliencein.com\/?page_id=4501\">Analiz ve De\u011ferlendirme<\/a><\/h3>\n                        <\/div>\n                    <\/div>\n                    <div class=\"service-desc\">\n                                            <\/div>\n                <\/div>\n                <div class=\"service-btn text-center text-uppercase\">\n                    <a href=\"https:\/\/www.resiliencein.com\/?page_id=4501\">G\u00f6z At<\/a>\n                <\/div>\n            <\/div>\n        <\/div>\n    <\/div>\n    \t\t\t\t<\/div>\n\t\t\t\t<\/div>\n\t\t\t\t<div class=\"elementor-element elementor-element-ea361cd elementor-widget elementor-widget-int-service-grid-two\" data-id=\"ea361cd\" data-element_type=\"widget\" data-e-type=\"widget\" data-widget_type=\"int-service-grid-two.default\">\n\t\t\t\t<div class=\"elementor-widget-container\">\n\t\t\t\t\t\t<div class=\"wow fadeInUp\"   data-wow-duration=\"1500ms\">\n        <div class=\"inv-service-item-3\">\n            <div class=\"inv-service-img\">\n                <img decoding=\"async\" src=\"http:\/\/www.resiliencein.com\/wp-content\/uploads\/2026\/02\/fikirveoneri-1.jpg\" alt=\"\">\n            <\/div>\n            <div class=\"inv-service-text-area\">\n                <div class=\"inv-service-text  position-relative\">\n                    <div class=\"service-title-icon d-flex align-items-center\">\n                        <div class=\"service-icon d-flex align-items-center justify-content-center\">\n                        <i aria-hidden=\"true\" class=\"flaticon flaticon2-settings-1\"><\/i>                        <\/div>\n                        <div class=\"service-text\">\n                            <h3><a href=\"https:\/\/www.resiliencein.com\/?page_id=4508\">Fikir\/\u00d6neri G\u00f6r\u00fc\u015fmeleri<\/a><\/h3>\n                        <\/div>\n                    <\/div>\n                    <div class=\"service-desc\">\n                                            <\/div>\n                <\/div>\n                <div class=\"service-btn text-center text-uppercase\">\n                    <a href=\"https:\/\/www.resiliencein.com\/?page_id=4508\">G\u00f6z At<\/a>\n                <\/div>\n            <\/div>\n        <\/div>\n    <\/div>\n    \t\t\t\t<\/div>\n\t\t\t\t<\/div>\n\t\t\t\t<div class=\"elementor-element elementor-element-d445144 elementor-widget elementor-widget-int-service-grid-two\" data-id=\"d445144\" data-element_type=\"widget\" data-e-type=\"widget\" data-widget_type=\"int-service-grid-two.default\">\n\t\t\t\t<div class=\"elementor-widget-container\">\n\t\t\t\t\t\t<div class=\"wow fadeInUp\"   data-wow-duration=\"1500ms\">\n        <div class=\"inv-service-item-3\">\n            <div class=\"inv-service-img\">\n                <img decoding=\"async\" src=\"http:\/\/www.resiliencein.com\/wp-content\/uploads\/2026\/02\/denetimvekontrol-2.jpg\" alt=\"\">\n            <\/div>\n            <div class=\"inv-service-text-area\">\n                <div class=\"inv-service-text  position-relative\">\n                    <div class=\"service-title-icon d-flex align-items-center\">\n                        <div class=\"service-icon d-flex align-items-center justify-content-center\">\n                        <i aria-hidden=\"true\" class=\"flaticon flaticon2-edit\"><\/i>                        <\/div>\n                        <div class=\"service-text\">\n                            <h3><a href=\"https:\/\/www.resiliencein.com\/?page_id=4512\">Denetim ve Kontrol<\/a><\/h3>\n                        <\/div>\n                    <\/div>\n                    <div class=\"service-desc\">\n                                            <\/div>\n                <\/div>\n                <div class=\"service-btn text-center text-uppercase\">\n                    <a href=\"https:\/\/www.resiliencein.com\/?page_id=4512\">G\u00f6z At<\/a>\n                <\/div>\n            <\/div>\n        <\/div>\n    <\/div>\n    \t\t\t\t<\/div>\n\t\t\t\t<\/div>\n\t\t\t\t<div class=\"elementor-element elementor-element-d5547d9 elementor-widget elementor-widget-int-service-grid-two\" data-id=\"d5547d9\" data-element_type=\"widget\" data-e-type=\"widget\" data-widget_type=\"int-service-grid-two.default\">\n\t\t\t\t<div class=\"elementor-widget-container\">\n\t\t\t\t\t\t<div class=\"wow fadeInUp\"   data-wow-duration=\"1500ms\">\n        <div class=\"inv-service-item-3\">\n            <div class=\"inv-service-img\">\n                <img decoding=\"async\" src=\"http:\/\/www.resiliencein.com\/wp-content\/uploads\/2026\/02\/resilience_in_sohbetleri.jpg.jpeg\" alt=\"\">\n            <\/div>\n            <div class=\"inv-service-text-area\">\n                <div class=\"inv-service-text  position-relative\">\n                    <div class=\"service-title-icon d-flex align-items-center\">\n                        <div class=\"service-icon d-flex align-items-center justify-content-center\">\n                        <i aria-hidden=\"true\" class=\"flaticon flaticon2-left-quote\"><\/i>                        <\/div>\n                        <div class=\"service-text\">\n                            <h3><a href=\"https:\/\/www.resiliencein.com\/?page_id=4512\">Resilience-in Sohbetleri<\/a><\/h3>\n                        <\/div>\n                    <\/div>\n                    <div class=\"service-desc\">\n                                            <\/div>\n                <\/div>\n                <div class=\"service-btn text-center text-uppercase\">\n                    <a href=\"https:\/\/www.resiliencein.com\/?page_id=4512\">G\u00f6z At<\/a>\n                <\/div>\n            <\/div>\n        <\/div>\n    <\/div>\n    \t\t\t\t<\/div>\n\t\t\t\t<\/div>\n\t\t\t\t\t<\/div>\n\t\t\t\t<\/div>\n\t\t\t\t<\/div>\n\t\t","protected":false},"excerpt":{"rendered":"<p>Organizasyonel Dayan\u0131kl\u0131l\u0131k Program\u0131 Home &nbsp; Organizasyonel Dayan\u0131kl\u0131l\u0131k Program\u0131 Organizasyonlar\u0131 canl\u0131 bir varl\u0131 olarak g\u00f6rmeye ba\u015flad\u0131\u011f\u0131m\u0131zda, yeg\u00e2ne amac\u0131n\u0131n gelecekte de var olmak oldu\u011funu, yani ya\u015famaya devam etmek oldu\u011funu g\u00f6rebiliriz. Bu program, afet ve acil durum olaylar\u0131 dahil, i\u015f veya hizmet kesintisine sebebiyet verebilecek her t\u00fcrl\u00fc olayda tekrar \u00fcretebilir olman\u0131n \u00f6tesinde; de\u011fi\u015fen &#8220;sosyolojik&#8221;, &#8220;teknolojik&#8221;, &#8220;ekonomik&#8221;, &#8220;ekolojik&#8221;, &#8220;ergonomik&#8221; [&hellip;]<\/p>\n","protected":false},"author":1,"featured_media":0,"parent":4159,"menu_order":0,"comment_status":"closed","ping_status":"closed","template":"invite-template.php","meta":{"footnotes":""},"class_list":["post-4378","page","type-page","status-publish","hentry"],"_links":{"self":[{"href":"https:\/\/www.resiliencein.com\/index.php?rest_route=\/wp\/v2\/pages\/4378","targetHints":{"allow":["GET"]}}],"collection":[{"href":"https:\/\/www.resiliencein.com\/index.php?rest_route=\/wp\/v2\/pages"}],"about":[{"href":"https:\/\/www.resiliencein.com\/index.php?rest_route=\/wp\/v2\/types\/page"}],"author":[{"embeddable":true,"href":"https:\/\/www.resiliencein.com\/index.php?rest_route=\/wp\/v2\/users\/1"}],"replies":[{"embeddable":true,"href":"https:\/\/www.resiliencein.com\/index.php?rest_route=%2Fwp%2Fv2%2Fcomments&post=4378"}],"version-history":[{"count":63,"href":"https:\/\/www.resiliencein.com\/index.php?rest_route=\/wp\/v2\/pages\/4378\/revisions"}],"predecessor-version":[{"id":5973,"href":"https:\/\/www.resiliencein.com\/index.php?rest_route=\/wp\/v2\/pages\/4378\/revisions\/5973"}],"up":[{"embeddable":true,"href":"https:\/\/www.resiliencein.com\/index.php?rest_route=\/wp\/v2\/pages\/4159"}],"wp:attachment":[{"href":"https:\/\/www.resiliencein.com\/index.php?rest_route=%2Fwp%2Fv2%2Fmedia&parent=4378"}],"curies":[{"name":"wp","href":"https:\/\/api.w.org\/{rel}","templated":true}]}}