{"id":4487,"date":"2025-12-30T18:21:09","date_gmt":"2025-12-30T18:21:09","guid":{"rendered":"http:\/\/www.resiliencein.com\/resiliencein\/?page_id=4487"},"modified":"2026-02-12T08:15:31","modified_gmt":"2026-02-12T08:15:31","slug":"yazilim-cozumleri","status":"publish","type":"page","link":"https:\/\/www.resiliencein.com\/?page_id=4487","title":{"rendered":"Yaz\u0131l\u0131m \u00c7\u00f6z\u00fcmleri"},"content":{"rendered":"\t\t<div data-elementor-type=\"wp-page\" data-elementor-id=\"4487\" class=\"elementor elementor-4487\">\n\t\t\t\t\t\t<section class=\"elementor-section elementor-top-section elementor-element elementor-element-5b65fc4 elementor-section-boxed elementor-section-height-default elementor-section-height-default\" data-id=\"5b65fc4\" data-element_type=\"section\" data-e-type=\"section\" data-settings=\"{&quot;background_background&quot;:&quot;classic&quot;}\">\n\t\t\t\t\t\t\t<div class=\"elementor-background-overlay\"><\/div>\n\t\t\t\t\t\t\t<div class=\"elementor-container elementor-column-gap-default\">\n\t\t\t\t\t<div class=\"elementor-column elementor-col-100 elementor-top-column elementor-element elementor-element-a70bb14\" data-id=\"a70bb14\" data-element_type=\"column\" data-e-type=\"column\">\n\t\t\t<div class=\"elementor-widget-wrap elementor-element-populated\">\n\t\t\t\t\t\t<div class=\"elementor-element elementor-element-fb2b9e0 elementor-widget elementor-widget-int-breadcrumb\" data-id=\"fb2b9e0\" data-element_type=\"widget\" data-e-type=\"widget\" data-widget_type=\"int-breadcrumb.default\">\n\t\t\t\t<div class=\"elementor-widget-container\">\n\t\t\t\t\t\t<div class=\"breadcrumb\">\n        <div class=\"breadcrumb__content text-center\">\n            <h2>Yaz\u0131l\u0131m \u00c7\u00f6z\u00fcmleri<\/h2>\n            <ul class=\"bread-crumb clearfix ul_li_center\">\n                <li class=\"breadcrumb-item\"><a href=\"https:\/\/www.resiliencein.com\/\">Home &nbsp;<\/a><\/li><li class=\"breadcrumb-item\"><a href=\"https:\/\/www.resiliencein.com\/?page_id=4487\"><\/a><\/li>            <\/ul>\n        <\/div>\n    <\/div>\n    \t\t\t\t<\/div>\n\t\t\t\t<\/div>\n\t\t\t\t\t<\/div>\n\t\t<\/div>\n\t\t\t\t\t<\/div>\n\t\t<\/section>\n\t\t\t\t<section class=\"elementor-section elementor-top-section elementor-element elementor-element-7060652 elementor-section-boxed elementor-section-height-default elementor-section-height-default\" data-id=\"7060652\" data-element_type=\"section\" data-e-type=\"section\">\n\t\t\t\t\t\t<div class=\"elementor-container elementor-column-gap-default\">\n\t\t\t\t\t<div class=\"elementor-column elementor-col-66 elementor-top-column elementor-element elementor-element-caba9d8\" data-id=\"caba9d8\" data-element_type=\"column\" data-e-type=\"column\">\n\t\t\t<div class=\"elementor-widget-wrap elementor-element-populated\">\n\t\t\t\t\t\t<div class=\"elementor-element elementor-element-36e29e8 elementor-widget elementor-widget-image\" data-id=\"36e29e8\" data-element_type=\"widget\" data-e-type=\"widget\" data-widget_type=\"image.default\">\n\t\t\t\t\t\t\t\t\t\t\t\t\t\t\t<img fetchpriority=\"high\" decoding=\"async\" width=\"1915\" height=\"621\" src=\"https:\/\/www.resiliencein.com\/wp-content\/uploads\/2026\/02\/yazilim_cozumleri.jpg.jpeg\" class=\"attachment-full size-full wp-image-5427\" alt=\"\" srcset=\"https:\/\/www.resiliencein.com\/wp-content\/uploads\/2026\/02\/yazilim_cozumleri.jpg.jpeg 1915w, https:\/\/www.resiliencein.com\/wp-content\/uploads\/2026\/02\/yazilim_cozumleri.jpg-300x97.jpeg 300w, https:\/\/www.resiliencein.com\/wp-content\/uploads\/2026\/02\/yazilim_cozumleri.jpg-1024x332.jpeg 1024w, https:\/\/www.resiliencein.com\/wp-content\/uploads\/2026\/02\/yazilim_cozumleri.jpg-768x249.jpeg 768w, https:\/\/www.resiliencein.com\/wp-content\/uploads\/2026\/02\/yazilim_cozumleri.jpg-1536x498.jpeg 1536w, https:\/\/www.resiliencein.com\/wp-content\/uploads\/2026\/02\/yazilim_cozumleri.jpg-600x195.jpeg 600w\" sizes=\"(max-width: 1915px) 100vw, 1915px\" \/>\t\t\t\t\t\t\t\t\t\t\t\t\t\t\t<\/div>\n\t\t\t\t<div class=\"elementor-element elementor-element-48eb736 elementor-widget elementor-widget-heading\" data-id=\"48eb736\" data-element_type=\"widget\" data-e-type=\"widget\" data-widget_type=\"heading.default\">\n\t\t\t\t\t<h2 class=\"elementor-heading-title elementor-size-default\">Yaz\u0131l\u0131m \u00c7\u00f6z\u00fcmleri<\/h2>\t\t\t\t<\/div>\n\t\t\t\t<div class=\"elementor-element elementor-element-af01f68 elementor-widget elementor-widget-heading\" data-id=\"af01f68\" data-element_type=\"widget\" data-e-type=\"widget\" data-widget_type=\"heading.default\">\n\t\t\t\t\t<p class=\"elementor-heading-title elementor-size-default\">Resilience-in yaz\u0131l\u0131m \u00e7\u00f6z\u00fcmleri; organizasyonlar\u0131n s\u00fcre\u00e7lerini g\u00f6r\u00fcn\u00fcr k\u0131lmak, performans\u0131 \u00f6l\u00e7mek, riskleri y\u00f6netmek ve kesintilere kar\u015f\u0131 h\u0131zl\u0131 aksiyon alabilmek i\u00e7in geli\u015ftirilmi\u015f, entegre ve \u00f6l\u00e7eklenebilir dijital ara\u00e7lar sunar.\n<br>\n<br>\n\nUluslararas\u0131 standartlarla uyumlu bu \u00e7\u00f6z\u00fcmler; karar alma s\u00fcre\u00e7lerini destekler, operasyonel s\u00fcreklili\u011fi g\u00fc\u00e7lendirir ve organizasyonel dayan\u0131kl\u0131l\u0131\u011f\u0131 teknolojiyle s\u00fcrd\u00fcr\u00fclebilir hale getirir.<\/p>\t\t\t\t<\/div>\n\t\t\t\t<div class=\"elementor-element elementor-element-ba3ab6e elementor-widget elementor-widget-int-fs-3\" data-id=\"ba3ab6e\" data-element_type=\"widget\" data-e-type=\"widget\" data-widget_type=\"int-fs-3.default\">\n\t\t\t\t<div class=\"elementor-widget-container\">\n\t\t\t\t\t\t\n   <div class=\"service-single__info-wrap\">\n        <div class=\"service-single__info\">\n            <div class=\"row\">\n                                <div class=\"col-lg-6 col-md-6\">\n                    <div class=\"service-single__info-item\">\n                        <div class=\"icon invite-text-gr-color\">\n                            <i aria-hidden=\"true\" class=\"fas fa-puzzle-piece\"><\/i>                        <\/div>\n                        <div class=\"content\">\n                            <h4>QDMS<\/h4>\n                            <p>Entegre Y\u00f6netim Sistemi Yaz\u0131l\u0131m\u0131<\/p>\n                        <\/div>\n                    <\/div>\n                <\/div>\n                                <div class=\"col-lg-6 col-md-6\">\n                    <div class=\"service-single__info-item\">\n                        <div class=\"icon invite-text-gr-color\">\n                            <i aria-hidden=\"true\" class=\"fas fa-puzzle-piece\"><\/i>                        <\/div>\n                        <div class=\"content\">\n                            <h4>ENSEMBLE<\/h4>\n                            <p>S\u00fcre\u00e7 Y\u00f6netimi, Performans Y\u00f6netimi ve Balanced Scorecard Yaz\u0131l\u0131m\u0131<\/p>\n                        <\/div>\n                    <\/div>\n                <\/div>\n                                <div class=\"col-lg-6 col-md-6\">\n                    <div class=\"service-single__info-item\">\n                        <div class=\"icon invite-text-gr-color\">\n                            <i aria-hidden=\"true\" class=\"fas fa-puzzle-piece\"><\/i>                        <\/div>\n                        <div class=\"content\">\n                            <h4>SAFETYGRID<\/h4>\n                            <p>Acil Durum ve Kriz \u0130leti\u015fimi Uygulamas\u0131<\/p>\n                        <\/div>\n                    <\/div>\n                <\/div>\n                            <\/div>\n        <\/div>\n    <\/div>\n    \t\t\t\t<\/div>\n\t\t\t\t<\/div>\n\t\t\t\t\t<\/div>\n\t\t<\/div>\n\t\t\t\t<div class=\"elementor-column elementor-col-33 elementor-top-column elementor-element elementor-element-ad0c556\" data-id=\"ad0c556\" data-element_type=\"column\" data-e-type=\"column\">\n\t\t\t<div class=\"elementor-widget-wrap elementor-element-populated\">\n\t\t\t\t\t\t<div class=\"elementor-element elementor-element-79a4514 elementor-widget elementor-widget-heading\" data-id=\"79a4514\" data-element_type=\"widget\" data-e-type=\"widget\" data-widget_type=\"heading.default\">\n\t\t\t\t\t<h2 class=\"elementor-heading-title elementor-size-default\">\u00c7\u00f6z\u00fcmlerimiz<\/h2>\t\t\t\t<\/div>\n\t\t\t\t<div class=\"elementor-element elementor-element-8cc87df widget_categories elementor-widget elementor-widget-int-link-item\" data-id=\"8cc87df\" data-element_type=\"widget\" data-e-type=\"widget\" data-widget_type=\"int-link-item.default\">\n\t\t\t\t<div class=\"elementor-widget-container\">\n\t\t\t\t\t\t<div class=\"widget__inner\">\n        <ul class=\"widget__category list-unstyled\">\n                            <li><a class=\"\" href=\"https:\/\/www.resiliencein.com\/?page_id=1574\">Liderlik Program\u0131<i class=\"far fa-chevron-double-right\"><\/i><\/a><\/li>\n                            <li><a class=\"\" href=\"https:\/\/www.resiliencein.com\/?page_id=4378\">Organizasyonel Dayan\u0131kl\u0131l\u0131k Program\u0131<i class=\"far fa-chevron-double-right\"><\/i><\/a><\/li>\n                            <li><a class=\"\" href=\"https:\/\/www.resiliencein.com\/?page_id=4385\">Dijital Dayan\u0131kl\u0131l\u0131k Program\u0131<i class=\"far fa-chevron-double-right\"><\/i><\/a><\/li>\n                            <li><a class=\"\" href=\"https:\/\/www.resiliencein.com\/?page_id=4392\">Ekonomik Dayan\u0131kl\u0131l\u0131k Program\u0131<i class=\"far fa-chevron-double-right\"><\/i><\/a><\/li>\n                            <li><a class=\"\" href=\"https:\/\/www.resiliencein.com\/?page_id=4396\">Netweaving House<i class=\"far fa-chevron-double-right\"><\/i><\/a><\/li>\n                            <li><a class=\"\" href=\"https:\/\/www.resiliencein.com\/?page_id=5238\">Kurumsal Y\u00f6neti\u015fim, Risk ve Uyum Program\u0131<i class=\"far fa-chevron-double-right\"><\/i><\/a><\/li>\n                            <li><a class=\"\" href=\"https:\/\/www.resiliencein.com\/?page_id=4487\">Yaz\u0131l\u0131m \u00c7\u00f6z\u00fcmleri<i class=\"far fa-chevron-double-right\"><\/i><\/a><\/li>\n                    <\/ul>\n    <\/div>\n    \t\t\t\t<\/div>\n\t\t\t\t<\/div>\n\t\t\t\t\t<\/div>\n\t\t<\/div>\n\t\t\t\t\t<\/div>\n\t\t<\/section>\n\t\t<div class=\"elementor-element elementor-element-b4e2224 e-flex e-con-boxed e-con e-parent\" data-id=\"b4e2224\" data-element_type=\"container\" data-e-type=\"container\">\n\t\t\t\t\t<div class=\"e-con-inner\">\n\t\t\t\t<div class=\"elementor-element elementor-element-2b1d61d elementor-widget elementor-widget-heading\" data-id=\"2b1d61d\" data-element_type=\"widget\" data-e-type=\"widget\" data-widget_type=\"heading.default\">\n\t\t\t\t\t<h2 class=\"elementor-heading-title elementor-size-default\">\u0130lgili Ri-Hizmetlere G\u00f6z At\u0131n!<\/h2>\t\t\t\t<\/div>\n\t\t\t\t\t<\/div>\n\t\t\t\t<\/div>\n\t\t<div class=\"elementor-element elementor-element-2432523 e-grid e-con-boxed e-con e-parent\" data-id=\"2432523\" data-element_type=\"container\" data-e-type=\"container\">\n\t\t\t\t\t<div class=\"e-con-inner\">\n\t\t\t\t<div class=\"elementor-element elementor-element-f02c860 elementor-widget elementor-widget-int-service-grid-two\" data-id=\"f02c860\" data-element_type=\"widget\" data-e-type=\"widget\" data-widget_type=\"int-service-grid-two.default\">\n\t\t\t\t<div class=\"elementor-widget-container\">\n\t\t\t\t\t\t<div class=\"wow fadeInUp\"   data-wow-duration=\"1500ms\">\n        <div class=\"inv-service-item-3\">\n            <div class=\"inv-service-img\">\n                <img decoding=\"async\" src=\"http:\/\/www.resiliencein.com\/wp-content\/uploads\/2026\/02\/Mentorluk-1.jpg\" alt=\"\">\n            <\/div>\n            <div class=\"inv-service-text-area\">\n                <div class=\"inv-service-text  position-relative\">\n                    <div class=\"service-title-icon d-flex align-items-center\">\n                        <div class=\"service-icon d-flex align-items-center justify-content-center\">\n                        <i aria-hidden=\"true\" class=\"flaticon flaticon2-avatar\"><\/i>                        <\/div>\n                        <div class=\"service-text\">\n                            <h3><a href=\"https:\/\/www.resiliencein.com\/?page_id=4497\">Ment\u00f6rl\u00fck<\/a><\/h3>\n                        <\/div>\n                    <\/div>\n                    <div class=\"service-desc\">\n                                            <\/div>\n                <\/div>\n                <div class=\"service-btn text-center text-uppercase\">\n                    <a href=\"https:\/\/www.resiliencein.com\/?page_id=4497\">G\u00f6z At<\/a>\n                <\/div>\n            <\/div>\n        <\/div>\n    <\/div>\n    \t\t\t\t<\/div>\n\t\t\t\t<\/div>\n\t\t\t\t\t<\/div>\n\t\t\t\t<\/div>\n\t\t\t\t<\/div>\n\t\t","protected":false},"excerpt":{"rendered":"<p>Yaz\u0131l\u0131m \u00c7\u00f6z\u00fcmleri Home &nbsp; Yaz\u0131l\u0131m \u00c7\u00f6z\u00fcmleri Resilience-in yaz\u0131l\u0131m \u00e7\u00f6z\u00fcmleri; organizasyonlar\u0131n s\u00fcre\u00e7lerini g\u00f6r\u00fcn\u00fcr k\u0131lmak, performans\u0131 \u00f6l\u00e7mek, riskleri y\u00f6netmek ve kesintilere kar\u015f\u0131 h\u0131zl\u0131 aksiyon alabilmek i\u00e7in geli\u015ftirilmi\u015f, entegre ve \u00f6l\u00e7eklenebilir dijital ara\u00e7lar sunar. Uluslararas\u0131 standartlarla uyumlu bu \u00e7\u00f6z\u00fcmler; karar alma s\u00fcre\u00e7lerini destekler, operasyonel s\u00fcreklili\u011fi g\u00fc\u00e7lendirir ve organizasyonel dayan\u0131kl\u0131l\u0131\u011f\u0131 teknolojiyle s\u00fcrd\u00fcr\u00fclebilir hale getirir. QDMS Entegre Y\u00f6netim Sistemi Yaz\u0131l\u0131m\u0131 [&hellip;]<\/p>\n","protected":false},"author":1,"featured_media":0,"parent":4159,"menu_order":0,"comment_status":"closed","ping_status":"closed","template":"invite-template.php","meta":{"footnotes":""},"class_list":["post-4487","page","type-page","status-publish","hentry"],"_links":{"self":[{"href":"https:\/\/www.resiliencein.com\/index.php?rest_route=\/wp\/v2\/pages\/4487","targetHints":{"allow":["GET"]}}],"collection":[{"href":"https:\/\/www.resiliencein.com\/index.php?rest_route=\/wp\/v2\/pages"}],"about":[{"href":"https:\/\/www.resiliencein.com\/index.php?rest_route=\/wp\/v2\/types\/page"}],"author":[{"embeddable":true,"href":"https:\/\/www.resiliencein.com\/index.php?rest_route=\/wp\/v2\/users\/1"}],"replies":[{"embeddable":true,"href":"https:\/\/www.resiliencein.com\/index.php?rest_route=%2Fwp%2Fv2%2Fcomments&post=4487"}],"version-history":[{"count":33,"href":"https:\/\/www.resiliencein.com\/index.php?rest_route=\/wp\/v2\/pages\/4487\/revisions"}],"predecessor-version":[{"id":5869,"href":"https:\/\/www.resiliencein.com\/index.php?rest_route=\/wp\/v2\/pages\/4487\/revisions\/5869"}],"up":[{"embeddable":true,"href":"https:\/\/www.resiliencein.com\/index.php?rest_route=\/wp\/v2\/pages\/4159"}],"wp:attachment":[{"href":"https:\/\/www.resiliencein.com\/index.php?rest_route=%2Fwp%2Fv2%2Fmedia&parent=4487"}],"curies":[{"name":"wp","href":"https:\/\/api.w.org\/{rel}","templated":true}]}}