{"id":4508,"date":"2025-12-30T18:31:59","date_gmt":"2025-12-30T18:31:59","guid":{"rendered":"http:\/\/www.resiliencein.com\/resiliencein\/?page_id=4508"},"modified":"2026-02-12T07:29:20","modified_gmt":"2026-02-12T07:29:20","slug":"fikir-ve-oneri-gorusmeleri","status":"publish","type":"page","link":"https:\/\/www.resiliencein.com\/?page_id=4508","title":{"rendered":"Fikir ve \u00d6neri G\u00f6r\u00fc\u015fmeleri"},"content":{"rendered":"\t\t<div data-elementor-type=\"wp-page\" data-elementor-id=\"4508\" class=\"elementor elementor-4508\">\n\t\t\t\t\t\t<section class=\"elementor-section elementor-top-section elementor-element elementor-element-5b65fc4 elementor-section-boxed elementor-section-height-default elementor-section-height-default\" data-id=\"5b65fc4\" data-element_type=\"section\" data-e-type=\"section\" data-settings=\"{&quot;background_background&quot;:&quot;classic&quot;}\">\n\t\t\t\t\t\t\t<div class=\"elementor-background-overlay\"><\/div>\n\t\t\t\t\t\t\t<div class=\"elementor-container elementor-column-gap-default\">\n\t\t\t\t\t<div class=\"elementor-column elementor-col-100 elementor-top-column elementor-element elementor-element-a70bb14\" data-id=\"a70bb14\" data-element_type=\"column\" data-e-type=\"column\">\n\t\t\t<div class=\"elementor-widget-wrap elementor-element-populated\">\n\t\t\t\t\t\t<div class=\"elementor-element elementor-element-fb2b9e0 elementor-widget elementor-widget-int-breadcrumb\" data-id=\"fb2b9e0\" data-element_type=\"widget\" data-e-type=\"widget\" data-widget_type=\"int-breadcrumb.default\">\n\t\t\t\t<div class=\"elementor-widget-container\">\n\t\t\t\t\t\t<div class=\"breadcrumb\">\n        <div class=\"breadcrumb__content text-center\">\n            <h2>Fikir ve \u00d6neri G\u00f6r\u00fc\u015fmeleri<\/h2>\n            <ul class=\"bread-crumb clearfix ul_li_center\">\n                <li class=\"breadcrumb-item\"><a href=\"https:\/\/www.resiliencein.com\/\">Home &nbsp;<\/a><\/li><li class=\"breadcrumb-item\"><a href=\"https:\/\/www.resiliencein.com\/?page_id=4508\"><\/a><\/li>            <\/ul>\n        <\/div>\n    <\/div>\n    \t\t\t\t<\/div>\n\t\t\t\t<\/div>\n\t\t\t\t\t<\/div>\n\t\t<\/div>\n\t\t\t\t\t<\/div>\n\t\t<\/section>\n\t\t\t\t<section class=\"elementor-section elementor-top-section elementor-element elementor-element-7060652 elementor-section-boxed elementor-section-height-default elementor-section-height-default\" data-id=\"7060652\" data-element_type=\"section\" data-e-type=\"section\">\n\t\t\t\t\t\t<div class=\"elementor-container elementor-column-gap-default\">\n\t\t\t\t\t<div class=\"elementor-column elementor-col-66 elementor-top-column elementor-element elementor-element-caba9d8\" data-id=\"caba9d8\" data-element_type=\"column\" data-e-type=\"column\">\n\t\t\t<div class=\"elementor-widget-wrap elementor-element-populated\">\n\t\t\t\t\t\t<div class=\"elementor-element elementor-element-36e29e8 elementor-widget elementor-widget-image\" data-id=\"36e29e8\" data-element_type=\"widget\" data-e-type=\"widget\" data-widget_type=\"image.default\">\n\t\t\t\t\t\t\t\t\t\t\t\t\t\t\t<img fetchpriority=\"high\" decoding=\"async\" width=\"1915\" height=\"621\" src=\"https:\/\/www.resiliencein.com\/wp-content\/uploads\/2026\/02\/fikirveoneri.jpg\" class=\"attachment-full size-full wp-image-5470\" alt=\"\" srcset=\"https:\/\/www.resiliencein.com\/wp-content\/uploads\/2026\/02\/fikirveoneri.jpg 1915w, https:\/\/www.resiliencein.com\/wp-content\/uploads\/2026\/02\/fikirveoneri-300x97.jpg 300w, https:\/\/www.resiliencein.com\/wp-content\/uploads\/2026\/02\/fikirveoneri-1024x332.jpg 1024w, https:\/\/www.resiliencein.com\/wp-content\/uploads\/2026\/02\/fikirveoneri-768x249.jpg 768w, https:\/\/www.resiliencein.com\/wp-content\/uploads\/2026\/02\/fikirveoneri-1536x498.jpg 1536w, https:\/\/www.resiliencein.com\/wp-content\/uploads\/2026\/02\/fikirveoneri-600x195.jpg 600w\" sizes=\"(max-width: 1915px) 100vw, 1915px\" \/>\t\t\t\t\t\t\t\t\t\t\t\t\t\t\t<\/div>\n\t\t\t\t<div class=\"elementor-element elementor-element-48eb736 elementor-widget elementor-widget-heading\" data-id=\"48eb736\" data-element_type=\"widget\" data-e-type=\"widget\" data-widget_type=\"heading.default\">\n\t\t\t\t\t<h2 class=\"elementor-heading-title elementor-size-default\">Fikir ve \u00d6neri G\u00f6r\u00fc\u015fmeleri<\/h2>\t\t\t\t<\/div>\n\t\t\t\t<div class=\"elementor-element elementor-element-af01f68 elementor-widget elementor-widget-heading\" data-id=\"af01f68\" data-element_type=\"widget\" data-e-type=\"widget\" data-widget_type=\"heading.default\">\n\t\t\t\t\t<p class=\"elementor-heading-title elementor-size-default\">Resilience-in \u00e7\u00f6z\u00fcmlerine y\u00f6nelik; bire bir veya ekip h\u00e2linde, saat ve konu s\u0131n\u0131rl\u0131 olmak \u00fczere fikir, \u00f6neri, \u00f6ng\u00f6r\u00fc ve i\u00e7g\u00f6r\u00fc alma g\u00f6r\u00fc\u015fmesidir. \u00dcr\u00fcn, hizmet, s\u00fcre\u00e7, i\u015f sistemi ve i\u015f fikri gibi konularda, hizmet alan taraf\u0131n sorular\u0131na yan\u0131t bulmay\u0131 ama\u00e7lamaktad\u0131r.<\/p>\t\t\t\t<\/div>\n\t\t\t\t\t<\/div>\n\t\t<\/div>\n\t\t\t\t<div class=\"elementor-column elementor-col-33 elementor-top-column elementor-element elementor-element-ad0c556\" data-id=\"ad0c556\" data-element_type=\"column\" data-e-type=\"column\">\n\t\t\t<div class=\"elementor-widget-wrap elementor-element-populated\">\n\t\t\t\t\t\t<div class=\"elementor-element elementor-element-79a4514 elementor-widget elementor-widget-heading\" data-id=\"79a4514\" data-element_type=\"widget\" data-e-type=\"widget\" data-widget_type=\"heading.default\">\n\t\t\t\t\t<h2 class=\"elementor-heading-title elementor-size-default\">Hizmetlerimiz<\/h2>\t\t\t\t<\/div>\n\t\t\t\t<div class=\"elementor-element elementor-element-16693bc widget_categories elementor-widget elementor-widget-int-link-item\" data-id=\"16693bc\" data-element_type=\"widget\" data-e-type=\"widget\" data-widget_type=\"int-link-item.default\">\n\t\t\t\t<div class=\"elementor-widget-container\">\n\t\t\t\t\t\t<div class=\"widget__inner\">\n        <ul class=\"widget__category list-unstyled\">\n                            <li><a class=\"\" href=\"https:\/\/www.resiliencein.com\/?page_id=4492\">Seminer ve Konu\u015fmalar<i class=\"far fa-chevron-double-right\"><\/i><\/a><\/li>\n                            <li><a class=\"\" href=\"https:\/\/www.resiliencein.com\/?page_id=4493\">At\u00f6lye E\u011fitimi<i class=\"far fa-chevron-double-right\"><\/i><\/a><\/li>\n                            <li><a class=\"\" href=\"https:\/\/www.resiliencein.com\/?page_id=4497\">Mentorluk<i class=\"far fa-chevron-double-right\"><\/i><\/a><\/li>\n                            <li><a class=\"\" href=\"https:\/\/www.resiliencein.com\/?page_id=4501\">Analiz ve De\u011ferlendirme<i class=\"far fa-chevron-double-right\"><\/i><\/a><\/li>\n                            <li><a class=\"\" href=\"https:\/\/www.resiliencein.com\/?page_id=4508\">Fikir ve \u00d6neri G\u00f6r\u00fc\u015fmeleri<i class=\"far fa-chevron-double-right\"><\/i><\/a><\/li>\n                            <li><a class=\"\" href=\"https:\/\/www.resiliencein.com\/?page_id=4512\">Denetim ve Kontrol<i class=\"far fa-chevron-double-right\"><\/i><\/a><\/li>\n                            <li><a class=\"\" href=\"https:\/\/www.resiliencein.com\/?page_id=4516\">Resilience-in Sohbetleri<i class=\"far fa-chevron-double-right\"><\/i><\/a><\/li>\n                    <\/ul>\n    <\/div>\n    \t\t\t\t<\/div>\n\t\t\t\t<\/div>\n\t\t\t\t\t<\/div>\n\t\t<\/div>\n\t\t\t\t\t<\/div>\n\t\t<\/section>\n\t\t<div class=\"elementor-element elementor-element-6949fba e-flex e-con-boxed e-con e-parent\" data-id=\"6949fba\" data-element_type=\"container\" data-e-type=\"container\">\n\t\t\t\t\t<div class=\"e-con-inner\">\n\t\t\t\t<div class=\"elementor-element elementor-element-cce8065 elementor-widget elementor-widget-heading\" data-id=\"cce8065\" data-element_type=\"widget\" data-e-type=\"widget\" data-widget_type=\"heading.default\">\n\t\t\t\t\t<h2 class=\"elementor-heading-title elementor-size-default\">\u0130lgili Ri-\u00c7\u00f6z\u00fcmlere G\u00f6z At\u0131n!<\/h2>\t\t\t\t<\/div>\n\t\t\t\t\t<\/div>\n\t\t\t\t<\/div>\n\t\t<div class=\"elementor-element elementor-element-612a68a e-grid e-con-boxed e-con e-parent\" data-id=\"612a68a\" data-element_type=\"container\" data-e-type=\"container\">\n\t\t\t\t\t<div class=\"e-con-inner\">\n\t\t\t\t<div class=\"elementor-element elementor-element-31cac7a elementor-widget elementor-widget-int-service-grid-two\" data-id=\"31cac7a\" data-element_type=\"widget\" data-e-type=\"widget\" data-widget_type=\"int-service-grid-two.default\">\n\t\t\t\t<div class=\"elementor-widget-container\">\n\t\t\t\t\t\t<div class=\"wow fadeInUp\"   data-wow-duration=\"1500ms\">\n        <div class=\"inv-service-item-3\">\n            <div class=\"inv-service-img\">\n                <img decoding=\"async\" src=\"http:\/\/www.resiliencein.com\/wp-content\/uploads\/2026\/02\/rein_organizasyonel_dayaniklilik-2.jpg\" alt=\"\">\n            <\/div>\n            <div class=\"inv-service-text-area\">\n                <div class=\"inv-service-text  position-relative\">\n                    <div class=\"service-title-icon d-flex align-items-center\">\n                        <div class=\"service-icon d-flex align-items-center justify-content-center\">\n                        <i aria-hidden=\"true\" class=\"far fa-building\"><\/i>                        <\/div>\n                        <div class=\"service-text\">\n                            <h3><a href=\"https:\/\/www.resiliencein.com\/?page_id=4378\">Organizasyonel Dayan\u0131kl\u0131l\u0131k Program\u0131\n<\/a><\/h3>\n                        <\/div>\n                    <\/div>\n                    <div class=\"service-desc\">\n                                            <\/div>\n                <\/div>\n                <div class=\"service-btn text-center text-uppercase\">\n                    <a href=\"https:\/\/www.resiliencein.com\/?page_id=4378\">G\u00f6z At<\/a>\n                <\/div>\n            <\/div>\n        <\/div>\n    <\/div>\n    \t\t\t\t<\/div>\n\t\t\t\t<\/div>\n\t\t\t\t<div class=\"elementor-element elementor-element-03d8a9e elementor-widget elementor-widget-int-service-grid-two\" data-id=\"03d8a9e\" data-element_type=\"widget\" data-e-type=\"widget\" data-widget_type=\"int-service-grid-two.default\">\n\t\t\t\t<div class=\"elementor-widget-container\">\n\t\t\t\t\t\t<div class=\"wow fadeInUp\"   data-wow-duration=\"1500ms\">\n        <div class=\"inv-service-item-3\">\n            <div class=\"inv-service-img\">\n                <img decoding=\"async\" src=\"http:\/\/www.resiliencein.com\/wp-content\/uploads\/2026\/02\/rein_dijital_dayaniklilik-1.jpg\" alt=\"\">\n            <\/div>\n            <div class=\"inv-service-text-area\">\n                <div class=\"inv-service-text  position-relative\">\n                    <div class=\"service-title-icon d-flex align-items-center\">\n                        <div class=\"service-icon d-flex align-items-center justify-content-center\">\n                        <i aria-hidden=\"true\" class=\"flaticon flaticon2-digital-learning\"><\/i>                        <\/div>\n                        <div class=\"service-text\">\n                            <h3><a href=\"https:\/\/www.resiliencein.com\/?page_id=4385\">Dijital Dayan\u0131kl\u0131l\u0131k Program\u0131<\/a><\/h3>\n                        <\/div>\n                    <\/div>\n                    <div class=\"service-desc\">\n                                            <\/div>\n                <\/div>\n                <div class=\"service-btn text-center text-uppercase\">\n                    <a href=\"https:\/\/www.resiliencein.com\/?page_id=4385\">G\u00f6z At<\/a>\n                <\/div>\n            <\/div>\n        <\/div>\n    <\/div>\n    \t\t\t\t<\/div>\n\t\t\t\t<\/div>\n\t\t\t\t<div class=\"elementor-element elementor-element-d7ec081 elementor-widget elementor-widget-int-service-grid-two\" data-id=\"d7ec081\" data-element_type=\"widget\" data-e-type=\"widget\" data-widget_type=\"int-service-grid-two.default\">\n\t\t\t\t<div class=\"elementor-widget-container\">\n\t\t\t\t\t\t<div class=\"wow fadeInUp\"   data-wow-duration=\"1500ms\">\n        <div class=\"inv-service-item-3\">\n            <div class=\"inv-service-img\">\n                <img decoding=\"async\" src=\"http:\/\/www.resiliencein.com\/wp-content\/uploads\/2026\/02\/rein_finansal_dayaniklilik-1.jpg\" alt=\"\">\n            <\/div>\n            <div class=\"inv-service-text-area\">\n                <div class=\"inv-service-text  position-relative\">\n                    <div class=\"service-title-icon d-flex align-items-center\">\n                        <div class=\"service-icon d-flex align-items-center justify-content-center\">\n                        <i aria-hidden=\"true\" class=\"far fa-chart-bar\"><\/i>                        <\/div>\n                        <div class=\"service-text\">\n                            <h3><a href=\"https:\/\/www.resiliencein.com\/?page_id=4392\">Ekonomik Dayan\u0131kl\u0131l\u0131k Program\u0131<\/a><\/h3>\n                        <\/div>\n                    <\/div>\n                    <div class=\"service-desc\">\n                                            <\/div>\n                <\/div>\n                <div class=\"service-btn text-center text-uppercase\">\n                    <a href=\"https:\/\/www.resiliencein.com\/?page_id=4392\">G\u00f6z At<\/a>\n                <\/div>\n            <\/div>\n        <\/div>\n    <\/div>\n    \t\t\t\t<\/div>\n\t\t\t\t<\/div>\n\t\t\t\t<div class=\"elementor-element elementor-element-85633a1 elementor-widget elementor-widget-int-service-grid-two\" data-id=\"85633a1\" data-element_type=\"widget\" data-e-type=\"widget\" data-widget_type=\"int-service-grid-two.default\">\n\t\t\t\t<div class=\"elementor-widget-container\">\n\t\t\t\t\t\t<div class=\"wow fadeInUp\"   data-wow-duration=\"1500ms\">\n        <div class=\"inv-service-item-3\">\n            <div class=\"inv-service-img\">\n                <img decoding=\"async\" src=\"http:\/\/www.resiliencein.com\/wp-content\/uploads\/2026\/02\/rein_analiz_ve_degerlendirme.jpg\" alt=\"\">\n            <\/div>\n            <div class=\"inv-service-text-area\">\n                <div class=\"inv-service-text  position-relative\">\n                    <div class=\"service-title-icon d-flex align-items-center\">\n                        <div class=\"service-icon d-flex align-items-center justify-content-center\">\n                        <i aria-hidden=\"true\" class=\"flaticon flaticon2-edit\"><\/i>                        <\/div>\n                        <div class=\"service-text\">\n                            <h3><a href=\"https:\/\/www.resiliencein.com\/?page_id=5238\">Kurumsal Y\u00f6neti\u015fim, Risk ve Uyum Program\u0131<\/a><\/h3>\n                        <\/div>\n                    <\/div>\n                    <div class=\"service-desc\">\n                                            <\/div>\n                <\/div>\n                <div class=\"service-btn text-center text-uppercase\">\n                    <a href=\"https:\/\/www.resiliencein.com\/?page_id=5238\">G\u00f6z At<\/a>\n                <\/div>\n            <\/div>\n        <\/div>\n    <\/div>\n    \t\t\t\t<\/div>\n\t\t\t\t<\/div>\n\t\t\t\t\t<\/div>\n\t\t\t\t<\/div>\n\t\t\t\t<\/div>\n\t\t","protected":false},"excerpt":{"rendered":"<p>Fikir ve \u00d6neri G\u00f6r\u00fc\u015fmeleri Home &nbsp; Fikir ve \u00d6neri G\u00f6r\u00fc\u015fmeleri Resilience-in \u00e7\u00f6z\u00fcmlerine y\u00f6nelik; bire bir veya ekip h\u00e2linde, saat ve konu s\u0131n\u0131rl\u0131 olmak \u00fczere fikir, \u00f6neri, \u00f6ng\u00f6r\u00fc ve i\u00e7g\u00f6r\u00fc alma g\u00f6r\u00fc\u015fmesidir. \u00dcr\u00fcn, hizmet, s\u00fcre\u00e7, i\u015f sistemi ve i\u015f fikri gibi konularda, hizmet alan taraf\u0131n sorular\u0131na yan\u0131t bulmay\u0131 ama\u00e7lamaktad\u0131r. Hizmetlerimiz Seminer ve Konu\u015fmalar At\u00f6lye E\u011fitimi Mentorluk [&hellip;]<\/p>\n","protected":false},"author":1,"featured_media":0,"parent":4520,"menu_order":0,"comment_status":"closed","ping_status":"closed","template":"invite-template.php","meta":{"footnotes":""},"class_list":["post-4508","page","type-page","status-publish","hentry"],"_links":{"self":[{"href":"https:\/\/www.resiliencein.com\/index.php?rest_route=\/wp\/v2\/pages\/4508","targetHints":{"allow":["GET"]}}],"collection":[{"href":"https:\/\/www.resiliencein.com\/index.php?rest_route=\/wp\/v2\/pages"}],"about":[{"href":"https:\/\/www.resiliencein.com\/index.php?rest_route=\/wp\/v2\/types\/page"}],"author":[{"embeddable":true,"href":"https:\/\/www.resiliencein.com\/index.php?rest_route=\/wp\/v2\/users\/1"}],"replies":[{"embeddable":true,"href":"https:\/\/www.resiliencein.com\/index.php?rest_route=%2Fwp%2Fv2%2Fcomments&post=4508"}],"version-history":[{"count":21,"href":"https:\/\/www.resiliencein.com\/index.php?rest_route=\/wp\/v2\/pages\/4508\/revisions"}],"predecessor-version":[{"id":5814,"href":"https:\/\/www.resiliencein.com\/index.php?rest_route=\/wp\/v2\/pages\/4508\/revisions\/5814"}],"up":[{"embeddable":true,"href":"https:\/\/www.resiliencein.com\/index.php?rest_route=\/wp\/v2\/pages\/4520"}],"wp:attachment":[{"href":"https:\/\/www.resiliencein.com\/index.php?rest_route=%2Fwp%2Fv2%2Fmedia&parent=4508"}],"curies":[{"name":"wp","href":"https:\/\/api.w.org\/{rel}","templated":true}]}}