{"id":4520,"date":"2025-12-30T18:35:21","date_gmt":"2025-12-30T18:35:21","guid":{"rendered":"http:\/\/www.resiliencein.com\/resiliencein\/?page_id=4520"},"modified":"2026-02-12T08:24:39","modified_gmt":"2026-02-12T08:24:39","slug":"ri-hizmetler","status":"publish","type":"page","link":"https:\/\/www.resiliencein.com\/?page_id=4520","title":{"rendered":"Ri-Hizmetler"},"content":{"rendered":"\t\t<div data-elementor-type=\"wp-page\" data-elementor-id=\"4520\" class=\"elementor elementor-4520\">\n\t\t\t\t\t\t<section class=\"elementor-section elementor-top-section elementor-element elementor-element-8250eb3 elementor-section-boxed elementor-section-height-default elementor-section-height-default\" data-id=\"8250eb3\" data-element_type=\"section\" data-e-type=\"section\" data-settings=\"{&quot;background_background&quot;:&quot;classic&quot;}\">\n\t\t\t\t\t\t\t<div class=\"elementor-background-overlay\"><\/div>\n\t\t\t\t\t\t\t<div class=\"elementor-container elementor-column-gap-default\">\n\t\t\t\t\t<div class=\"elementor-column elementor-col-100 elementor-top-column elementor-element elementor-element-fe3dff9\" data-id=\"fe3dff9\" data-element_type=\"column\" data-e-type=\"column\">\n\t\t\t<div class=\"elementor-widget-wrap elementor-element-populated\">\n\t\t\t\t\t\t<div class=\"elementor-element elementor-element-a224a9b elementor-widget elementor-widget-int-breadcrumb\" data-id=\"a224a9b\" data-element_type=\"widget\" data-e-type=\"widget\" data-widget_type=\"int-breadcrumb.default\">\n\t\t\t\t<div class=\"elementor-widget-container\">\n\t\t\t\t\t\t<div class=\"breadcrumb\">\n        <div class=\"breadcrumb__content text-center\">\n            <h2>R\u0130-Hizmetler<\/h2>\n            <ul class=\"bread-crumb clearfix ul_li_center\">\n                <li class=\"breadcrumb-item\"><a href=\"https:\/\/www.resiliencein.com\/\">Home &nbsp;<\/a><\/li><li class=\"breadcrumb-item\"><a href=\"https:\/\/www.resiliencein.com\/?page_id=4520\"><\/a><\/li>            <\/ul>\n        <\/div>\n    <\/div>\n    \t\t\t\t<\/div>\n\t\t\t\t<\/div>\n\t\t\t\t\t<\/div>\n\t\t<\/div>\n\t\t\t\t\t<\/div>\n\t\t<\/section>\n\t\t\t\t<section class=\"elementor-section elementor-top-section elementor-element elementor-element-3766d6e elementor-section-full_width elementor-section-height-default elementor-section-height-default\" data-id=\"3766d6e\" data-element_type=\"section\" data-e-type=\"section\">\n\t\t\t\t\t\t<div class=\"elementor-container elementor-column-gap-no\">\n\t\t\t\t\t<div class=\"elementor-column elementor-col-100 elementor-top-column elementor-element elementor-element-98dc477\" data-id=\"98dc477\" data-element_type=\"column\" data-e-type=\"column\">\n\t\t\t<div class=\"elementor-widget-wrap elementor-element-populated\">\n\t\t\t\t\t\t<section class=\"elementor-section elementor-inner-section elementor-element elementor-element-8d999e4 elementor-section-content-bottom elementor-section-boxed elementor-section-height-default elementor-section-height-default\" data-id=\"8d999e4\" data-element_type=\"section\" data-e-type=\"section\">\n\t\t\t\t\t\t<div class=\"elementor-container elementor-column-gap-default\">\n\t\t\t\t\t<div class=\"elementor-column elementor-col-50 elementor-inner-column elementor-element elementor-element-e41a8fe\" data-id=\"e41a8fe\" data-element_type=\"column\" data-e-type=\"column\">\n\t\t\t<div class=\"elementor-widget-wrap elementor-element-populated\">\n\t\t\t\t\t\t<div class=\"elementor-element elementor-element-caaae74 elementor-widget elementor-widget-int-section-title\" data-id=\"caaae74\" data-element_type=\"widget\" data-e-type=\"widget\" data-widget_type=\"int-section-title.default\">\n\t\t\t\t<div class=\"elementor-widget-container\">\n\t\t\t\t\t\t\t\t\t\t<div class=\"section-heading text-left\">\n\t\t\t\t\t\t\t\t\t<div class=\"heading-subtitle wow fadeInRight\">\n\t\t\t\t\t\t\t\t\t\t\t\t\t<img decoding=\"async\" src=\"https:\/\/themexriver.com\/wp\/invite-wp\/wp-content\/uploads\/2023\/05\/sh_icon.png\" alt=\"\">\n\t\t\t\t\t\t\t\t\t\t\t\tSorunu Anla,<span> \u00c7\u00f6z\u00fcm\u00fc Uygula,<\/span> S\u00fcreci Y\u00f6net!\t\t\t\t\t<\/div>\n\t\t\t\t\t\t\t\t<h3 class=\"heading-title tx-split-text split-in-right \">\n\t\t\t\t\tYal\u0131n, \u00f6l\u00e7\u00fclebilir ve s\u00fcrd\u00fcr\u00fclebilir bir gelecek...\t\t\t\t<\/h3>\n\t\t\t\t\t\t\t<\/div>\n\t\t\t\t\t\t\t<\/div>\n\t\t\t\t<\/div>\n\t\t\t\t<div class=\"elementor-element elementor-element-4f043c5 elementor-widget elementor-widget-heading\" data-id=\"4f043c5\" data-element_type=\"widget\" data-e-type=\"widget\" data-widget_type=\"heading.default\">\n\t\t\t\t\t<h2 class=\"elementor-heading-title elementor-size-default\">\u00c7\u00f6z\u00fcmleri uygulaman\u0131n birden fazla yolu oldu\u011funu biliyoruz. Bu nedenle hizmetlerimizi yedi (7) farkl\u0131 y\u00f6ntemle sunuyoruz.<br><br>\n\n1-Seminer ve Konu\u015fmalar<br>\n2-At\u00f6lye E\u011fitimi<br>\n3-Mentorluk<br>\n4-Analiz ve De\u011ferlendirme<br>\n5-Fikir ve \u00d6neri G\u00f6r\u00fc\u015fmeleri<br>\n6-Denetim ve Kontrol<br>\n7-Resilience-in Sohbetleri<\/h2>\t\t\t\t<\/div>\n\t\t\t\t\t<\/div>\n\t\t<\/div>\n\t\t\t\t<div class=\"elementor-column elementor-col-50 elementor-inner-column elementor-element elementor-element-5302cef\" data-id=\"5302cef\" data-element_type=\"column\" data-e-type=\"column\">\n\t\t\t<div class=\"elementor-widget-wrap elementor-element-populated\">\n\t\t\t\t\t\t<div class=\"elementor-element elementor-element-c9a095f widget_categories elementor-widget elementor-widget-int-link-item\" data-id=\"c9a095f\" data-element_type=\"widget\" data-e-type=\"widget\" data-widget_type=\"int-link-item.default\">\n\t\t\t\t<div class=\"elementor-widget-container\">\n\t\t\t\t\t\t<div class=\"widget__inner\">\n        <ul class=\"widget__category list-unstyled\">\n                            <li><a class=\"\" href=\"https:\/\/www.resiliencein.com\/?page_id=4492\">Seminer ve Konu\u015fmalar<i class=\"far fa-chevron-double-right\"><\/i><\/a><\/li>\n                            <li><a class=\"\" href=\"https:\/\/www.resiliencein.com\/?page_id=4493\">At\u00f6lye E\u011fitimi<i class=\"far fa-chevron-double-right\"><\/i><\/a><\/li>\n                            <li><a class=\"\" href=\"https:\/\/www.resiliencein.com\/?page_id=4497\">Mentorluk<i class=\"far fa-chevron-double-right\"><\/i><\/a><\/li>\n                            <li><a class=\"\" href=\"https:\/\/www.resiliencein.com\/?page_id=4501\">Analiz ve De\u011ferlendirme<i class=\"far fa-chevron-double-right\"><\/i><\/a><\/li>\n                            <li><a class=\"\" href=\"https:\/\/www.resiliencein.com\/?page_id=4508\">Fikir ve \u00d6neri G\u00f6r\u00fc\u015fmeleri<i class=\"far fa-chevron-double-right\"><\/i><\/a><\/li>\n                            <li><a class=\"\" href=\"https:\/\/www.resiliencein.com\/?page_id=4512\">Denetim ve Kontrol<i class=\"far fa-chevron-double-right\"><\/i><\/a><\/li>\n                            <li><a class=\"\" href=\"https:\/\/www.resiliencein.com\/?page_id=4516\">Resilience-in Sohbetleri<i class=\"far fa-chevron-double-right\"><\/i><\/a><\/li>\n                    <\/ul>\n    <\/div>\n    \t\t\t\t<\/div>\n\t\t\t\t<\/div>\n\t\t\t\t\t<\/div>\n\t\t<\/div>\n\t\t\t\t\t<\/div>\n\t\t<\/section>\n\t\t\t\t\t<\/div>\n\t\t<\/div>\n\t\t\t\t\t<\/div>\n\t\t<\/section>\n\t\t<div class=\"elementor-element elementor-element-cdf2df7 e-flex e-con-boxed e-con e-parent\" data-id=\"cdf2df7\" data-element_type=\"container\" data-e-type=\"container\" data-settings=\"{&quot;background_background&quot;:&quot;classic&quot;}\">\n\t\t\t\t\t<div class=\"e-con-inner\">\n\t\t\t\t<div class=\"elementor-element elementor-element-29d51d2 elementor-widget elementor-widget-image\" data-id=\"29d51d2\" data-element_type=\"widget\" data-e-type=\"widget\" data-widget_type=\"image.default\">\n\t\t\t\t\t\t\t\t\t\t\t\t\t\t\t<img fetchpriority=\"high\" decoding=\"async\" width=\"2560\" height=\"1570\" src=\"https:\/\/www.resiliencein.com\/wp-content\/uploads\/2026\/02\/Resilience-in-Tablo-V3-120226-scaled.png\" class=\"attachment-full size-full wp-image-5882\" alt=\"\" srcset=\"https:\/\/www.resiliencein.com\/wp-content\/uploads\/2026\/02\/Resilience-in-Tablo-V3-120226-scaled.png 2560w, https:\/\/www.resiliencein.com\/wp-content\/uploads\/2026\/02\/Resilience-in-Tablo-V3-120226-300x184.png 300w, https:\/\/www.resiliencein.com\/wp-content\/uploads\/2026\/02\/Resilience-in-Tablo-V3-120226-1024x628.png 1024w, https:\/\/www.resiliencein.com\/wp-content\/uploads\/2026\/02\/Resilience-in-Tablo-V3-120226-768x471.png 768w, https:\/\/www.resiliencein.com\/wp-content\/uploads\/2026\/02\/Resilience-in-Tablo-V3-120226-1536x942.png 1536w, https:\/\/www.resiliencein.com\/wp-content\/uploads\/2026\/02\/Resilience-in-Tablo-V3-120226-2048x1256.png 2048w, https:\/\/www.resiliencein.com\/wp-content\/uploads\/2026\/02\/Resilience-in-Tablo-V3-120226-600x368.png 600w\" sizes=\"(max-width: 2560px) 100vw, 2560px\" \/>\t\t\t\t\t\t\t\t\t\t\t\t\t\t\t<\/div>\n\t\t\t\t\t<\/div>\n\t\t\t\t<\/div>\n\t\t<div class=\"elementor-element elementor-element-46778e1 e-flex e-con-boxed e-con e-parent\" data-id=\"46778e1\" data-element_type=\"container\" data-e-type=\"container\">\n\t\t\t\t\t<div class=\"e-con-inner\">\n\t\t\t\t<div class=\"elementor-element elementor-element-46ffb07 elementor-widget elementor-widget-spacer\" data-id=\"46ffb07\" data-element_type=\"widget\" data-e-type=\"widget\" data-widget_type=\"spacer.default\">\n\t\t\t\t\t\t\t<div class=\"elementor-spacer\">\n\t\t\t<div class=\"elementor-spacer-inner\"><\/div>\n\t\t<\/div>\n\t\t\t\t\t\t<\/div>\n\t\t\t\t\t<\/div>\n\t\t\t\t<\/div>\n\t\t\t\t<\/div>\n\t\t","protected":false},"excerpt":{"rendered":"<p>R\u0130-Hizmetler Home &nbsp; Sorunu Anla, \u00c7\u00f6z\u00fcm\u00fc Uygula, S\u00fcreci Y\u00f6net! Yal\u0131n, \u00f6l\u00e7\u00fclebilir ve s\u00fcrd\u00fcr\u00fclebilir bir gelecek&#8230; \u00c7\u00f6z\u00fcmleri uygulaman\u0131n birden fazla yolu oldu\u011funu biliyoruz. Bu nedenle hizmetlerimizi yedi (7) farkl\u0131 y\u00f6ntemle sunuyoruz. 1-Seminer ve Konu\u015fmalar 2-At\u00f6lye E\u011fitimi 3-Mentorluk 4-Analiz ve De\u011ferlendirme 5-Fikir ve \u00d6neri G\u00f6r\u00fc\u015fmeleri 6-Denetim ve Kontrol 7-Resilience-in Sohbetleri Seminer ve Konu\u015fmalar At\u00f6lye E\u011fitimi Mentorluk Analiz [&hellip;]<\/p>\n","protected":false},"author":1,"featured_media":0,"parent":0,"menu_order":0,"comment_status":"closed","ping_status":"closed","template":"invite-template.php","meta":{"footnotes":""},"class_list":["post-4520","page","type-page","status-publish","hentry"],"_links":{"self":[{"href":"https:\/\/www.resiliencein.com\/index.php?rest_route=\/wp\/v2\/pages\/4520","targetHints":{"allow":["GET"]}}],"collection":[{"href":"https:\/\/www.resiliencein.com\/index.php?rest_route=\/wp\/v2\/pages"}],"about":[{"href":"https:\/\/www.resiliencein.com\/index.php?rest_route=\/wp\/v2\/types\/page"}],"author":[{"embeddable":true,"href":"https:\/\/www.resiliencein.com\/index.php?rest_route=\/wp\/v2\/users\/1"}],"replies":[{"embeddable":true,"href":"https:\/\/www.resiliencein.com\/index.php?rest_route=%2Fwp%2Fv2%2Fcomments&post=4520"}],"version-history":[{"count":34,"href":"https:\/\/www.resiliencein.com\/index.php?rest_route=\/wp\/v2\/pages\/4520\/revisions"}],"predecessor-version":[{"id":5892,"href":"https:\/\/www.resiliencein.com\/index.php?rest_route=\/wp\/v2\/pages\/4520\/revisions\/5892"}],"wp:attachment":[{"href":"https:\/\/www.resiliencein.com\/index.php?rest_route=%2Fwp%2Fv2%2Fmedia&parent=4520"}],"curies":[{"name":"wp","href":"https:\/\/api.w.org\/{rel}","templated":true}]}}