{"id":5238,"date":"2026-01-12T11:18:16","date_gmt":"2026-01-12T11:18:16","guid":{"rendered":"https:\/\/www.resiliencein.com\/?page_id=5238"},"modified":"2026-02-12T08:13:23","modified_gmt":"2026-02-12T08:13:23","slug":"kurumsal-yonetisim-risk-ve-uyum-program","status":"publish","type":"page","link":"https:\/\/www.resiliencein.com\/?page_id=5238","title":{"rendered":"Kurumsal Y\u00f6neti\u015fim, Risk ve Uyum Program\u0131"},"content":{"rendered":"\t\t<div data-elementor-type=\"wp-page\" data-elementor-id=\"5238\" class=\"elementor elementor-5238\">\n\t\t\t\t\t\t<section class=\"elementor-section elementor-top-section elementor-element elementor-element-5b65fc4 elementor-section-boxed elementor-section-height-default elementor-section-height-default\" data-id=\"5b65fc4\" data-element_type=\"section\" data-e-type=\"section\" data-settings=\"{&quot;background_background&quot;:&quot;classic&quot;}\">\n\t\t\t\t\t\t\t<div class=\"elementor-background-overlay\"><\/div>\n\t\t\t\t\t\t\t<div class=\"elementor-container elementor-column-gap-default\">\n\t\t\t\t\t<div class=\"elementor-column elementor-col-100 elementor-top-column elementor-element elementor-element-a70bb14\" data-id=\"a70bb14\" data-element_type=\"column\" data-e-type=\"column\">\n\t\t\t<div class=\"elementor-widget-wrap elementor-element-populated\">\n\t\t\t\t\t\t<div class=\"elementor-element elementor-element-fb2b9e0 elementor-widget elementor-widget-int-breadcrumb\" data-id=\"fb2b9e0\" data-element_type=\"widget\" data-e-type=\"widget\" data-widget_type=\"int-breadcrumb.default\">\n\t\t\t\t<div class=\"elementor-widget-container\">\n\t\t\t\t\t\t<div class=\"breadcrumb\">\n        <div class=\"breadcrumb__content text-center\">\n            <h2>Kurumsal Y\u00f6neti\u015fim, Risk ve Uyum Program\u0131<\/h2>\n            <ul class=\"bread-crumb clearfix ul_li_center\">\n                <li class=\"breadcrumb-item\"><a href=\"https:\/\/www.resiliencein.com\/\">Home &nbsp;<\/a><\/li><li class=\"breadcrumb-item\"><a href=\"https:\/\/www.resiliencein.com\/?page_id=5238\"><\/a><\/li>            <\/ul>\n        <\/div>\n    <\/div>\n    \t\t\t\t<\/div>\n\t\t\t\t<\/div>\n\t\t\t\t\t<\/div>\n\t\t<\/div>\n\t\t\t\t\t<\/div>\n\t\t<\/section>\n\t\t\t\t<section class=\"elementor-section elementor-top-section elementor-element elementor-element-7060652 elementor-section-boxed elementor-section-height-default elementor-section-height-default\" data-id=\"7060652\" data-element_type=\"section\" data-e-type=\"section\">\n\t\t\t\t\t\t<div class=\"elementor-container elementor-column-gap-default\">\n\t\t\t\t\t<div class=\"elementor-column elementor-col-66 elementor-top-column elementor-element elementor-element-caba9d8\" data-id=\"caba9d8\" data-element_type=\"column\" data-e-type=\"column\">\n\t\t\t<div class=\"elementor-widget-wrap elementor-element-populated\">\n\t\t\t\t\t\t<div class=\"elementor-element elementor-element-36e29e8 elementor-widget elementor-widget-image\" data-id=\"36e29e8\" data-element_type=\"widget\" data-e-type=\"widget\" data-widget_type=\"image.default\">\n\t\t\t\t\t\t\t\t\t\t\t\t\t\t\t<img fetchpriority=\"high\" decoding=\"async\" width=\"1915\" height=\"621\" src=\"https:\/\/www.resiliencein.com\/wp-content\/uploads\/2026\/02\/Kurumsal_Yonetisim.jpg.jpeg\" class=\"attachment-full size-full wp-image-5422\" alt=\"\" srcset=\"https:\/\/www.resiliencein.com\/wp-content\/uploads\/2026\/02\/Kurumsal_Yonetisim.jpg.jpeg 1915w, https:\/\/www.resiliencein.com\/wp-content\/uploads\/2026\/02\/Kurumsal_Yonetisim.jpg-300x97.jpeg 300w, https:\/\/www.resiliencein.com\/wp-content\/uploads\/2026\/02\/Kurumsal_Yonetisim.jpg-1024x332.jpeg 1024w, https:\/\/www.resiliencein.com\/wp-content\/uploads\/2026\/02\/Kurumsal_Yonetisim.jpg-768x249.jpeg 768w, https:\/\/www.resiliencein.com\/wp-content\/uploads\/2026\/02\/Kurumsal_Yonetisim.jpg-1536x498.jpeg 1536w, https:\/\/www.resiliencein.com\/wp-content\/uploads\/2026\/02\/Kurumsal_Yonetisim.jpg-600x195.jpeg 600w\" sizes=\"(max-width: 1915px) 100vw, 1915px\" \/>\t\t\t\t\t\t\t\t\t\t\t\t\t\t\t<\/div>\n\t\t\t\t<div class=\"elementor-element elementor-element-48eb736 elementor-widget elementor-widget-heading\" data-id=\"48eb736\" data-element_type=\"widget\" data-e-type=\"widget\" data-widget_type=\"heading.default\">\n\t\t\t\t\t<h2 class=\"elementor-heading-title elementor-size-default\">Kurumsal Y\u00f6neti\u015fim, Risk ve Uyum Program\u0131<\/h2>\t\t\t\t<\/div>\n\t\t\t\t<div class=\"elementor-element elementor-element-af01f68 elementor-widget elementor-widget-heading\" data-id=\"af01f68\" data-element_type=\"widget\" data-e-type=\"widget\" data-widget_type=\"heading.default\">\n\t\t\t\t\t<p class=\"elementor-heading-title elementor-size-default\">Organizasyonlar\u0131 daha dayan\u0131kl\u0131 hale getirmek i\u00e7in g\u00fcn\u00fcm\u00fcz d\u00fcnyas\u0131nda kurumlar yaln\u0131zca iyi y\u00f6netilmekle yetinemezler. Do\u011fru y\u00f6nlendirilmi\u015f, risklerini bilen ve uyumunu g\u00fcvence alt\u0131na alm\u0131\u015f organizasyonlar olmak zorundad\u0131r.\n<br \/>\n<br \/>\nKurumsal Y\u00f6neti\u015fim, Risk ve Uyum Program\u0131; Organizasyonlar\u0131n stratejik karar alma kapasitesini g\u00fc\u00e7lendiren, belirsizlikleri y\u00f6netilebilir hale getiren ve reg\u00fclasyonlar\u0131n \u00f6tesinde kal\u0131c\u0131 bir g\u00fcven k\u00fclt\u00fcr\u00fc in\u015fa eden entegre bir geli\u015fim yakla\u015f\u0131m\u0131 ortaya koymaktad\u0131r.\n<br \/><br \/>\nBu program; y\u00f6neti\u015fim, risk ve uyum disiplinlerini ayr\u0131 ayr\u0131 ele almak yerine, tek bir kurumsal ak\u0131l alt\u0131nda birle\u015ftirmektedir. Ama\u00e7; dok\u00fcman \u00fcretmek de\u011fil, i\u015fleyen, ya\u015fayan ve de\u011fer \u00fcreten bir y\u00f6netim sistemi kurmakt\u0131r.\n<br \/><br \/>\nBunun i\u00e7in, uluslararas\u0131 ISO 37000 Y\u00f6neti\u015fim, ISO 31000 Risk, ISO 37301 Uyum standartlar\u0131na dayal\u0131 b\u00fct\u00fcnsel bir \u00e7er\u00e7eve olu\u015fturuyor, kurumunuza \u00f6zg\u00fc vakalara ve senaryolara dayal\u0131 etkin bir yap\u0131 kurman\u0131za ve s\u00fcrd\u00fcrmenize destek oluyoruz. \n<br \/><br \/>\nBu program kapsam\u0131nda her bir standart ile ilgili ayr\u0131 ayr\u0131 hizmetler alabilece\u011finiz gibi b\u00fct\u00fcnle\u015fik olarak ta alabilirsiniz.\n<\/p>\t\t\t\t<\/div>\n\t\t\t\t<div class=\"elementor-element elementor-element-204b053 elementor-widget elementor-widget-int-fs-3\" data-id=\"204b053\" data-element_type=\"widget\" data-e-type=\"widget\" data-widget_type=\"int-fs-3.default\">\n\t\t\t\t<div class=\"elementor-widget-container\">\n\t\t\t\t\t\t\n   <div class=\"service-single__info-wrap\">\n        <div class=\"service-single__info\">\n            <div class=\"row\">\n                                <div class=\"col-lg-6 col-md-6\">\n                    <div class=\"service-single__info-item\">\n                        <div class=\"icon invite-text-gr-color\">\n                            <i aria-hidden=\"true\" class=\"fas fa-puzzle-piece\"><\/i>                        <\/div>\n                        <div class=\"content\">\n                            <h4>ISO 37000 Organizasyonlar\u0131n Y\u00f6neti\u015fimi\"<\/h4>\n                            <p><\/p>\n                        <\/div>\n                    <\/div>\n                <\/div>\n                                <div class=\"col-lg-6 col-md-6\">\n                    <div class=\"service-single__info-item\">\n                        <div class=\"icon invite-text-gr-color\">\n                            <i aria-hidden=\"true\" class=\"fas fa-puzzle-piece\"><\/i>                        <\/div>\n                        <div class=\"content\">\n                            <h4>ISO 31000 Kurumsal Risk Y\u00f6netimi<\/h4>\n                            <p><\/p>\n                        <\/div>\n                    <\/div>\n                <\/div>\n                                <div class=\"col-lg-6 col-md-6\">\n                    <div class=\"service-single__info-item\">\n                        <div class=\"icon invite-text-gr-color\">\n                            <i aria-hidden=\"true\" class=\"fas fa-puzzle-piece\"><\/i>                        <\/div>\n                        <div class=\"content\">\n                            <h4>ISO 37301 Uyum Y\u00f6netim Sistemi<\/h4>\n                            <p><\/p>\n                        <\/div>\n                    <\/div>\n                <\/div>\n                            <\/div>\n        <\/div>\n    <\/div>\n    \t\t\t\t<\/div>\n\t\t\t\t<\/div>\n\t\t\t\t\t<\/div>\n\t\t<\/div>\n\t\t\t\t<div class=\"elementor-column elementor-col-33 elementor-top-column elementor-element elementor-element-ad0c556\" data-id=\"ad0c556\" data-element_type=\"column\" data-e-type=\"column\">\n\t\t\t<div class=\"elementor-widget-wrap elementor-element-populated\">\n\t\t\t\t\t\t<div class=\"elementor-element elementor-element-79a4514 elementor-widget elementor-widget-heading\" data-id=\"79a4514\" data-element_type=\"widget\" data-e-type=\"widget\" data-widget_type=\"heading.default\">\n\t\t\t\t\t<h2 class=\"elementor-heading-title elementor-size-default\">\u00c7\u00f6z\u00fcmlerimiz<\/h2>\t\t\t\t<\/div>\n\t\t\t\t<div class=\"elementor-element elementor-element-5fa17cc widget_categories elementor-widget elementor-widget-int-link-item\" data-id=\"5fa17cc\" data-element_type=\"widget\" data-e-type=\"widget\" data-widget_type=\"int-link-item.default\">\n\t\t\t\t<div class=\"elementor-widget-container\">\n\t\t\t\t\t\t<div class=\"widget__inner\">\n        <ul class=\"widget__category list-unstyled\">\n                            <li><a class=\"\" href=\"https:\/\/www.resiliencein.com\/?page_id=1574\">Liderlik Program\u0131<i class=\"far fa-chevron-double-right\"><\/i><\/a><\/li>\n                            <li><a class=\"\" href=\"https:\/\/www.resiliencein.com\/?page_id=4378\">Organizasyonel Dayan\u0131kl\u0131l\u0131k Program\u0131<i class=\"far fa-chevron-double-right\"><\/i><\/a><\/li>\n                            <li><a class=\"\" href=\"https:\/\/www.resiliencein.com\/?page_id=4385\">Dijital Dayan\u0131kl\u0131l\u0131k Program\u0131<i class=\"far fa-chevron-double-right\"><\/i><\/a><\/li>\n                            <li><a class=\"\" href=\"https:\/\/www.resiliencein.com\/?page_id=4392\">Ekonomik Dayan\u0131kl\u0131l\u0131k Program\u0131<i class=\"far fa-chevron-double-right\"><\/i><\/a><\/li>\n                            <li><a class=\"\" href=\"https:\/\/www.resiliencein.com\/?page_id=4396\">Netweaving House<i class=\"far fa-chevron-double-right\"><\/i><\/a><\/li>\n                            <li><a class=\"\" href=\"https:\/\/www.resiliencein.com\/?page_id=5238\">Kurumsal Y\u00f6neti\u015fim, Risk ve Uyum Program\u0131<i class=\"far fa-chevron-double-right\"><\/i><\/a><\/li>\n                            <li><a class=\"\" href=\"https:\/\/www.resiliencein.com\/?page_id=4487\">Yaz\u0131l\u0131m \u00c7\u00f6z\u00fcmleri<i class=\"far fa-chevron-double-right\"><\/i><\/a><\/li>\n                    <\/ul>\n    <\/div>\n    \t\t\t\t<\/div>\n\t\t\t\t<\/div>\n\t\t\t\t\t<\/div>\n\t\t<\/div>\n\t\t\t\t\t<\/div>\n\t\t<\/section>\n\t\t<div class=\"elementor-element elementor-element-f78afc8 e-flex e-con-boxed e-con e-parent\" data-id=\"f78afc8\" data-element_type=\"container\" data-e-type=\"container\">\n\t\t\t\t\t<div class=\"e-con-inner\">\n\t\t\t\t<div class=\"elementor-element elementor-element-8d1c128 elementor-widget elementor-widget-heading\" data-id=\"8d1c128\" data-element_type=\"widget\" data-e-type=\"widget\" data-widget_type=\"heading.default\">\n\t\t\t\t\t<h2 class=\"elementor-heading-title elementor-size-default\">\u0130lgili Ri-Hizmetlere G\u00f6z At\u0131n!<\/h2>\t\t\t\t<\/div>\n\t\t\t\t\t<\/div>\n\t\t\t\t<\/div>\n\t\t<div class=\"elementor-element elementor-element-c1e7269 e-grid e-con-boxed e-con e-parent\" data-id=\"c1e7269\" data-element_type=\"container\" data-e-type=\"container\">\n\t\t\t\t\t<div class=\"e-con-inner\">\n\t\t\t\t<div class=\"elementor-element elementor-element-d8f92ed elementor-widget elementor-widget-int-service-grid-two\" data-id=\"d8f92ed\" data-element_type=\"widget\" data-e-type=\"widget\" data-widget_type=\"int-service-grid-two.default\">\n\t\t\t\t<div class=\"elementor-widget-container\">\n\t\t\t\t\t\t<div class=\"wow fadeInUp\"   data-wow-duration=\"1500ms\">\n        <div class=\"inv-service-item-3\">\n            <div class=\"inv-service-img\">\n                <img decoding=\"async\" src=\"http:\/\/www.resiliencein.com\/wp-content\/uploads\/2026\/02\/seminervekonusmalar-1.jpg\" alt=\"\">\n            <\/div>\n            <div class=\"inv-service-text-area\">\n                <div class=\"inv-service-text  position-relative\">\n                    <div class=\"service-title-icon d-flex align-items-center\">\n                        <div class=\"service-icon d-flex align-items-center justify-content-center\">\n                        <i aria-hidden=\"true\" class=\"fas fa-microphone-alt\"><\/i>                        <\/div>\n                        <div class=\"service-text\">\n                            <h3><a href=\"https:\/\/www.resiliencein.com\/?page_id=4492\">Seminer ve Konu\u015fmalar<\/a><\/h3>\n                        <\/div>\n                    <\/div>\n                    <div class=\"service-desc\">\n                                            <\/div>\n                <\/div>\n                <div class=\"service-btn text-center text-uppercase\">\n                    <a href=\"https:\/\/www.resiliencein.com\/?page_id=4492\">G\u00f6z At<\/a>\n                <\/div>\n            <\/div>\n        <\/div>\n    <\/div>\n    \t\t\t\t<\/div>\n\t\t\t\t<\/div>\n\t\t\t\t<div class=\"elementor-element elementor-element-0efba3f elementor-widget elementor-widget-int-service-grid-two\" data-id=\"0efba3f\" data-element_type=\"widget\" data-e-type=\"widget\" data-widget_type=\"int-service-grid-two.default\">\n\t\t\t\t<div class=\"elementor-widget-container\">\n\t\t\t\t\t\t<div class=\"wow fadeInUp\"   data-wow-duration=\"1500ms\">\n        <div class=\"inv-service-item-3\">\n            <div class=\"inv-service-img\">\n                <img decoding=\"async\" src=\"http:\/\/www.resiliencein.com\/wp-content\/uploads\/2026\/02\/atolyeegitimi-1.jpg\" alt=\"\">\n            <\/div>\n            <div class=\"inv-service-text-area\">\n                <div class=\"inv-service-text  position-relative\">\n                    <div class=\"service-title-icon d-flex align-items-center\">\n                        <div class=\"service-icon d-flex align-items-center justify-content-center\">\n                        <i aria-hidden=\"true\" class=\"flaticon flaticon2-people\"><\/i>                        <\/div>\n                        <div class=\"service-text\">\n                            <h3><a href=\"https:\/\/www.resiliencein.com\/?page_id=4493\">At\u00f6lye E\u011fitimi<\/a><\/h3>\n                        <\/div>\n                    <\/div>\n                    <div class=\"service-desc\">\n                                            <\/div>\n                <\/div>\n                <div class=\"service-btn text-center text-uppercase\">\n                    <a href=\"https:\/\/www.resiliencein.com\/?page_id=4493\">G\u00f6z At<\/a>\n                <\/div>\n            <\/div>\n        <\/div>\n    <\/div>\n    \t\t\t\t<\/div>\n\t\t\t\t<\/div>\n\t\t\t\t<div class=\"elementor-element elementor-element-3a8c900 elementor-widget elementor-widget-int-service-grid-two\" data-id=\"3a8c900\" data-element_type=\"widget\" data-e-type=\"widget\" data-widget_type=\"int-service-grid-two.default\">\n\t\t\t\t<div class=\"elementor-widget-container\">\n\t\t\t\t\t\t<div class=\"wow fadeInUp\"   data-wow-duration=\"1500ms\">\n        <div class=\"inv-service-item-3\">\n            <div class=\"inv-service-img\">\n                <img decoding=\"async\" src=\"http:\/\/www.resiliencein.com\/wp-content\/uploads\/2026\/02\/Mentorluk-1.jpg\" alt=\"\">\n            <\/div>\n            <div class=\"inv-service-text-area\">\n                <div class=\"inv-service-text  position-relative\">\n                    <div class=\"service-title-icon d-flex align-items-center\">\n                        <div class=\"service-icon d-flex align-items-center justify-content-center\">\n                        <i aria-hidden=\"true\" class=\"flaticon flaticon2-avatar\"><\/i>                        <\/div>\n                        <div class=\"service-text\">\n                            <h3><a href=\"https:\/\/www.resiliencein.com\/?page_id=4497\">Ment\u00f6rl\u00fck<\/a><\/h3>\n                        <\/div>\n                    <\/div>\n                    <div class=\"service-desc\">\n                                            <\/div>\n                <\/div>\n                <div class=\"service-btn text-center text-uppercase\">\n                    <a href=\"https:\/\/www.resiliencein.com\/?page_id=4497\">G\u00f6z At<\/a>\n                <\/div>\n            <\/div>\n        <\/div>\n    <\/div>\n    \t\t\t\t<\/div>\n\t\t\t\t<\/div>\n\t\t\t\t<div class=\"elementor-element elementor-element-4afdc8b elementor-widget elementor-widget-int-service-grid-two\" data-id=\"4afdc8b\" data-element_type=\"widget\" data-e-type=\"widget\" data-widget_type=\"int-service-grid-two.default\">\n\t\t\t\t<div class=\"elementor-widget-container\">\n\t\t\t\t\t\t<div class=\"wow fadeInUp\"   data-wow-duration=\"1500ms\">\n        <div class=\"inv-service-item-3\">\n            <div class=\"inv-service-img\">\n                <img decoding=\"async\" src=\"http:\/\/www.resiliencein.com\/wp-content\/uploads\/2026\/02\/analizvedegerlendirme-1.jpg\" alt=\"\">\n            <\/div>\n            <div class=\"inv-service-text-area\">\n                <div class=\"inv-service-text  position-relative\">\n                    <div class=\"service-title-icon d-flex align-items-center\">\n                        <div class=\"service-icon d-flex align-items-center justify-content-center\">\n                        <i aria-hidden=\"true\" class=\"flaticon flaticon2-settings-1\"><\/i>                        <\/div>\n                        <div class=\"service-text\">\n                            <h3><a href=\"https:\/\/www.resiliencein.com\/?page_id=4501\">Analiz ve De\u011ferlendirme<\/a><\/h3>\n                        <\/div>\n                    <\/div>\n                    <div class=\"service-desc\">\n                                            <\/div>\n                <\/div>\n                <div class=\"service-btn text-center text-uppercase\">\n                    <a href=\"https:\/\/www.resiliencein.com\/?page_id=4501\">G\u00f6z At<\/a>\n                <\/div>\n            <\/div>\n        <\/div>\n    <\/div>\n    \t\t\t\t<\/div>\n\t\t\t\t<\/div>\n\t\t\t\t<div class=\"elementor-element elementor-element-4d92af5 elementor-widget elementor-widget-int-service-grid-two\" data-id=\"4d92af5\" data-element_type=\"widget\" data-e-type=\"widget\" data-widget_type=\"int-service-grid-two.default\">\n\t\t\t\t<div class=\"elementor-widget-container\">\n\t\t\t\t\t\t<div class=\"wow fadeInUp\"   data-wow-duration=\"1500ms\">\n        <div class=\"inv-service-item-3\">\n            <div class=\"inv-service-img\">\n                <img decoding=\"async\" src=\"http:\/\/www.resiliencein.com\/wp-content\/uploads\/2026\/02\/fikirveoneri-1.jpg\" alt=\"\">\n            <\/div>\n            <div class=\"inv-service-text-area\">\n                <div class=\"inv-service-text  position-relative\">\n                    <div class=\"service-title-icon d-flex align-items-center\">\n                        <div class=\"service-icon d-flex align-items-center justify-content-center\">\n                        <i aria-hidden=\"true\" class=\"flaticon flaticon2-settings-1\"><\/i>                        <\/div>\n                        <div class=\"service-text\">\n                            <h3><a href=\"https:\/\/www.resiliencein.com\/?page_id=4508\">Fikir\/\u00d6neri G\u00f6r\u00fc\u015fmeleri<\/a><\/h3>\n                        <\/div>\n                    <\/div>\n                    <div class=\"service-desc\">\n                                            <\/div>\n                <\/div>\n                <div class=\"service-btn text-center text-uppercase\">\n                    <a href=\"https:\/\/www.resiliencein.com\/?page_id=4508\">G\u00f6z At<\/a>\n                <\/div>\n            <\/div>\n        <\/div>\n    <\/div>\n    \t\t\t\t<\/div>\n\t\t\t\t<\/div>\n\t\t\t\t<div class=\"elementor-element elementor-element-9937121 elementor-widget elementor-widget-int-service-grid-two\" data-id=\"9937121\" data-element_type=\"widget\" data-e-type=\"widget\" data-widget_type=\"int-service-grid-two.default\">\n\t\t\t\t<div class=\"elementor-widget-container\">\n\t\t\t\t\t\t<div class=\"wow fadeInUp\"   data-wow-duration=\"1500ms\">\n        <div class=\"inv-service-item-3\">\n            <div class=\"inv-service-img\">\n                <img decoding=\"async\" src=\"http:\/\/www.resiliencein.com\/wp-content\/uploads\/2026\/02\/denetimvekontrol-2.jpg\" alt=\"\">\n            <\/div>\n            <div class=\"inv-service-text-area\">\n                <div class=\"inv-service-text  position-relative\">\n                    <div class=\"service-title-icon d-flex align-items-center\">\n                        <div class=\"service-icon d-flex align-items-center justify-content-center\">\n                        <i aria-hidden=\"true\" class=\"flaticon flaticon2-edit\"><\/i>                        <\/div>\n                        <div class=\"service-text\">\n                            <h3><a href=\"https:\/\/www.resiliencein.com\/?page_id=4512\">Denetim ve Kontrol<\/a><\/h3>\n                        <\/div>\n                    <\/div>\n                    <div class=\"service-desc\">\n                                            <\/div>\n                <\/div>\n                <div class=\"service-btn text-center text-uppercase\">\n                    <a href=\"https:\/\/www.resiliencein.com\/?page_id=4512\">G\u00f6z At<\/a>\n                <\/div>\n            <\/div>\n        <\/div>\n    <\/div>\n    \t\t\t\t<\/div>\n\t\t\t\t<\/div>\n\t\t\t\t<div class=\"elementor-element elementor-element-d4ef0f2 elementor-widget elementor-widget-int-service-grid-two\" data-id=\"d4ef0f2\" data-element_type=\"widget\" data-e-type=\"widget\" data-widget_type=\"int-service-grid-two.default\">\n\t\t\t\t<div class=\"elementor-widget-container\">\n\t\t\t\t\t\t<div class=\"wow fadeInUp\"   data-wow-duration=\"1500ms\">\n        <div class=\"inv-service-item-3\">\n            <div class=\"inv-service-img\">\n                <img decoding=\"async\" src=\"http:\/\/www.resiliencein.com\/wp-content\/uploads\/2026\/02\/resilience_in_sohbetleri.jpg.jpeg\" alt=\"\">\n            <\/div>\n            <div class=\"inv-service-text-area\">\n                <div class=\"inv-service-text  position-relative\">\n                    <div class=\"service-title-icon d-flex align-items-center\">\n                        <div class=\"service-icon d-flex align-items-center justify-content-center\">\n                        <i aria-hidden=\"true\" class=\"flaticon flaticon2-left-quote\"><\/i>                        <\/div>\n                        <div class=\"service-text\">\n                            <h3><a href=\"https:\/\/www.resiliencein.com\/?page_id=4512\">Resilience-in Sohbetleri<\/a><\/h3>\n                        <\/div>\n                    <\/div>\n                    <div class=\"service-desc\">\n                                            <\/div>\n                <\/div>\n                <div class=\"service-btn text-center text-uppercase\">\n                    <a href=\"https:\/\/www.resiliencein.com\/?page_id=4512\">G\u00f6z At<\/a>\n                <\/div>\n            <\/div>\n        <\/div>\n    <\/div>\n    \t\t\t\t<\/div>\n\t\t\t\t<\/div>\n\t\t\t\t\t<\/div>\n\t\t\t\t<\/div>\n\t\t\t\t<\/div>\n\t\t","protected":false},"excerpt":{"rendered":"<p>Kurumsal Y\u00f6neti\u015fim, Risk ve Uyum Program\u0131 Home &nbsp; Kurumsal Y\u00f6neti\u015fim, Risk ve Uyum Program\u0131 Organizasyonlar\u0131 daha dayan\u0131kl\u0131 hale getirmek i\u00e7in g\u00fcn\u00fcm\u00fcz d\u00fcnyas\u0131nda kurumlar yaln\u0131zca iyi y\u00f6netilmekle yetinemezler. Do\u011fru y\u00f6nlendirilmi\u015f, risklerini bilen ve uyumunu g\u00fcvence alt\u0131na alm\u0131\u015f organizasyonlar olmak zorundad\u0131r. Kurumsal Y\u00f6neti\u015fim, Risk ve Uyum Program\u0131; Organizasyonlar\u0131n stratejik karar alma kapasitesini g\u00fc\u00e7lendiren, belirsizlikleri y\u00f6netilebilir hale getiren [&hellip;]<\/p>\n","protected":false},"author":1,"featured_media":0,"parent":1,"menu_order":0,"comment_status":"closed","ping_status":"closed","template":"invite-template.php","meta":{"footnotes":""},"class_list":["post-5238","page","type-page","status-publish","hentry"],"_links":{"self":[{"href":"https:\/\/www.resiliencein.com\/index.php?rest_route=\/wp\/v2\/pages\/5238","targetHints":{"allow":["GET"]}}],"collection":[{"href":"https:\/\/www.resiliencein.com\/index.php?rest_route=\/wp\/v2\/pages"}],"about":[{"href":"https:\/\/www.resiliencein.com\/index.php?rest_route=\/wp\/v2\/types\/page"}],"author":[{"embeddable":true,"href":"https:\/\/www.resiliencein.com\/index.php?rest_route=\/wp\/v2\/users\/1"}],"replies":[{"embeddable":true,"href":"https:\/\/www.resiliencein.com\/index.php?rest_route=%2Fwp%2Fv2%2Fcomments&post=5238"}],"version-history":[{"count":33,"href":"https:\/\/www.resiliencein.com\/index.php?rest_route=\/wp\/v2\/pages\/5238\/revisions"}],"predecessor-version":[{"id":5863,"href":"https:\/\/www.resiliencein.com\/index.php?rest_route=\/wp\/v2\/pages\/5238\/revisions\/5863"}],"up":[{"embeddable":true,"href":"https:\/\/www.resiliencein.com\/index.php?rest_route=\/"}],"wp:attachment":[{"href":"https:\/\/www.resiliencein.com\/index.php?rest_route=%2Fwp%2Fv2%2Fmedia&parent=5238"}],"curies":[{"name":"wp","href":"https:\/\/api.w.org\/{rel}","templated":true}]}}